{"id":7676,"date":"2026-03-20T08:58:30","date_gmt":"2026-03-20T07:58:30","guid":{"rendered":"https:\/\/nikolaus-kopernikus-gymnasium.de\/nkgweb\/?page_id=7676"},"modified":"2026-03-20T09:51:25","modified_gmt":"2026-03-20T08:51:25","slug":"informatik","status":"publish","type":"page","link":"https:\/\/nikolaus-kopernikus-gymnasium.de\/nkgweb\/index.php\/informatik\/","title":{"rendered":"Informatik"},"content":{"rendered":"\n<h2 class=\"wp-block-heading\">Das Fach Informatik am Gymnasium in Bayern<\/h2>\n\n\n\n<figure class=\"wp-block-image aligncenter size-large is-resized\"><img fetchpriority=\"high\" decoding=\"async\" width=\"1024\" height=\"559\" src=\"https:\/\/nikolaus-kopernikus-gymnasium.de\/nkgweb\/wp-content\/uploads\/Screenshot-2026-03-20-084638-4-1024x559.png\" alt=\"\" class=\"wp-image-7698\" style=\"width:577px;height:auto\" srcset=\"https:\/\/nikolaus-kopernikus-gymnasium.de\/nkgweb\/wp-content\/uploads\/Screenshot-2026-03-20-084638-4-1024x559.png 1024w, https:\/\/nikolaus-kopernikus-gymnasium.de\/nkgweb\/wp-content\/uploads\/Screenshot-2026-03-20-084638-4-300x164.png 300w, https:\/\/nikolaus-kopernikus-gymnasium.de\/nkgweb\/wp-content\/uploads\/Screenshot-2026-03-20-084638-4.png 1343w\" sizes=\"(max-width: 1024px) 100vw, 1024px\" \/><\/figure>\n\n\n\n<figure class=\"wp-block-image aligncenter size-full is-resized\"><img decoding=\"async\" width=\"961\" height=\"828\" src=\"https:\/\/nikolaus-kopernikus-gymnasium.de\/nkgweb\/wp-content\/uploads\/Screenshot-2026-03-20-084707-4.png\" alt=\"\" class=\"wp-image-7699\" style=\"aspect-ratio:1.1606898439638653;width:578px;height:auto\" srcset=\"https:\/\/nikolaus-kopernikus-gymnasium.de\/nkgweb\/wp-content\/uploads\/Screenshot-2026-03-20-084707-4.png 961w, https:\/\/nikolaus-kopernikus-gymnasium.de\/nkgweb\/wp-content\/uploads\/Screenshot-2026-03-20-084707-4-300x258.png 300w\" sizes=\"(max-width: 961px) 100vw, 961px\" \/><\/figure>\n\n\n\n<div style=\"height:13px\" aria-hidden=\"true\" class=\"wp-block-spacer\"><\/div>\n\n\n\n<p class=\"has-background-background-color has-background\">Die \u00dcbersicht zur Stundenverteilung und den Lehrplaninhalten erhalten Sie <a href=\"https:\/\/nikolaus-kopernikus-gymnasium.de\/nkgweb\/wp-content\/uploads\/Informatik-Uebersicht.pdf\">hier<\/a>. Ausf\u00fchrliche Lehrpl\u00e4ne finden Sie <a href=\"https:\/\/www.lehrplanplus.bayern.de\/schulart\/gymnasium\/inhalt\/fachlehrplaene?w_schulart=gymnasium&amp;wt_1=schulart&amp;w_fach=informatik&amp;wt_2=fach\">hier.<\/a><\/p>\n\n\n\n<div style=\"height:11px\" aria-hidden=\"true\" class=\"wp-block-spacer\"><\/div>\n\n\n\n<p class=\"has-text-align-right\"><em>H. Zoll (03.2026)<\/em><\/p>\n\n\n\n<div style=\"height:100px\" aria-hidden=\"true\" class=\"wp-block-spacer\"><\/div>\n","protected":false},"excerpt":{"rendered":"<p>Das Fach Informatik am Gymnasium in Bayern Die \u00dcbersicht zur Stundenverteilung und den Lehrplaninhalten erhalten Sie hier. Ausf\u00fchrliche Lehrpl\u00e4ne finden Sie hier. H. Zoll (03.2026)<\/p>\n","protected":false},"author":6,"featured_media":7693,"parent":0,"menu_order":0,"comment_status":"closed","ping_status":"closed","template":"","meta":{"inspiro_hide_title":false,"footnotes":""},"class_list":["post-7676","page","type-page","status-publish","has-post-thumbnail","hentry"],"_links":{"self":[{"href":"https:\/\/nikolaus-kopernikus-gymnasium.de\/nkgweb\/index.php\/wp-json\/wp\/v2\/pages\/7676","targetHints":{"allow":["GET"]}}],"collection":[{"href":"https:\/\/nikolaus-kopernikus-gymnasium.de\/nkgweb\/index.php\/wp-json\/wp\/v2\/pages"}],"about":[{"href":"https:\/\/nikolaus-kopernikus-gymnasium.de\/nkgweb\/index.php\/wp-json\/wp\/v2\/types\/page"}],"author":[{"embeddable":true,"href":"https:\/\/nikolaus-kopernikus-gymnasium.de\/nkgweb\/index.php\/wp-json\/wp\/v2\/users\/6"}],"replies":[{"embeddable":true,"href":"https:\/\/nikolaus-kopernikus-gymnasium.de\/nkgweb\/index.php\/wp-json\/wp\/v2\/comments?post=7676"}],"version-history":[{"count":9,"href":"https:\/\/nikolaus-kopernikus-gymnasium.de\/nkgweb\/index.php\/wp-json\/wp\/v2\/pages\/7676\/revisions"}],"predecessor-version":[{"id":7707,"href":"https:\/\/nikolaus-kopernikus-gymnasium.de\/nkgweb\/index.php\/wp-json\/wp\/v2\/pages\/7676\/revisions\/7707"}],"wp:featuredmedia":[{"embeddable":true,"href":"https:\/\/nikolaus-kopernikus-gymnasium.de\/nkgweb\/index.php\/wp-json\/wp\/v2\/media\/7693"}],"wp:attachment":[{"href":"https:\/\/nikolaus-kopernikus-gymnasium.de\/nkgweb\/index.php\/wp-json\/wp\/v2\/media?parent=7676"}],"curies":[{"name":"wp","href":"https:\/\/api.w.org\/{rel}","templated":true}]}}