{"id":7613,"date":"2026-03-12T15:51:13","date_gmt":"2026-03-12T14:51:13","guid":{"rendered":"https:\/\/nikolaus-kopernikus-gymnasium.de\/nkgweb\/?page_id=7613"},"modified":"2026-03-16T15:00:19","modified_gmt":"2026-03-16T14:00:19","slug":"geschichte","status":"publish","type":"page","link":"https:\/\/nikolaus-kopernikus-gymnasium.de\/nkgweb\/index.php\/geschichte\/","title":{"rendered":"Geschichte"},"content":{"rendered":"\n<h2 class=\"wp-block-heading\">Geschichte<\/h2>\n\n\n\n<p class=\"has-background\" style=\"background-color:#ccefff\"><em><strong>Wer die Enge seiner Heimat begreifen will, der reise. Wer die Enge seiner Zeit ermessen will, studiere Geschichte<\/strong>. &#8211; Kurt Tucholsky<\/em><\/p>\n\n\n\n<div class=\"wp-block-columns is-layout-flex wp-container-core-columns-is-layout-28f84493 wp-block-columns-is-layout-flex\">\n<div class=\"wp-block-column is-layout-flow wp-block-column-is-layout-flow\">\n<p>Unsere gemeinsame Reise beginnt in der 6. Jahrgangsstufe mit einem Rundflug \u00fcber die Zeiten. Es geht zum Ursprung zur\u00fcck und von dort blitzschnell Richtung <strong>Steinzeit<\/strong>. Nach erfolgreichen Jagden, Lagerfeuern und H\u00f6hlenmalerei begeben wir uns dann ein St\u00fcck weiter in der Geschichte und bestaunen die Pyramiden in <strong>\u00c4gypten<\/strong>, entschl\u00fcsseln Hieroglyphen und machen Bekanntschaft mit ber\u00fchmten Pharaonen. Im zweiten Halbjahr bewegen wir uns entlang des Mittelmeerraumes und machen Halt in verschiedenen <strong>griechischen<\/strong> Poleis, schauen uns die ersten Olympischen Spiele an und bewerten die ersten Demokratie-Versuche. Zum kr\u00f6nenden Abschluss marschieren wir in <strong>Rom<\/strong> ein und erforschen es mit all seinen Facetten und Spuren in der Gegenwart.<\/p>\n<\/div>\n\n\n\n<div class=\"wp-block-column is-layout-flow wp-block-column-is-layout-flow\">\n<figure class=\"wp-block-image aligncenter size-full is-resized\"><img fetchpriority=\"high\" decoding=\"async\" width=\"418\" height=\"356\" src=\"https:\/\/nikolaus-kopernikus-gymnasium.de\/nkgweb\/wp-content\/uploads\/Bild1-2.png\" alt=\"\" class=\"wp-image-7614\" style=\"aspect-ratio:1.1742148760330577;width:292px;height:auto\" srcset=\"https:\/\/nikolaus-kopernikus-gymnasium.de\/nkgweb\/wp-content\/uploads\/Bild1-2.png 418w, https:\/\/nikolaus-kopernikus-gymnasium.de\/nkgweb\/wp-content\/uploads\/Bild1-2-300x256.png 300w\" sizes=\"(max-width: 418px) 100vw, 418px\" \/><\/figure>\n<\/div>\n<\/div>\n\n\n\n<div class=\"wp-block-columns is-layout-flex wp-container-core-columns-is-layout-28f84493 wp-block-columns-is-layout-flex\">\n<div class=\"wp-block-column is-layout-flow wp-block-column-is-layout-flow\">\n<figure class=\"wp-block-image aligncenter size-full is-resized\"><img decoding=\"async\" width=\"775\" height=\"557\" src=\"https:\/\/nikolaus-kopernikus-gymnasium.de\/nkgweb\/wp-content\/uploads\/Bild-2.png\" alt=\"\" class=\"wp-image-7615\" style=\"aspect-ratio:1.3914076644538322;width:308px;height:auto\" srcset=\"https:\/\/nikolaus-kopernikus-gymnasium.de\/nkgweb\/wp-content\/uploads\/Bild-2.png 775w, https:\/\/nikolaus-kopernikus-gymnasium.de\/nkgweb\/wp-content\/uploads\/Bild-2-300x216.png 300w\" sizes=\"(max-width: 775px) 100vw, 775px\" \/><\/figure>\n<\/div>\n\n\n\n<div class=\"wp-block-column is-layout-flow wp-block-column-is-layout-flow\">\n<p>Los geht unsere diesj\u00e4hrige Reise im <strong>Mittelalter<\/strong>. Von Karl dem Gro\u00dfen \u00fcber Rittertum, St\u00e4ndegesellschaft und der Entstehung von St\u00e4dten entdecken wir ein gar nicht so d\u00fcsteres Mittelalter, wie man es oftmals leichthin h\u00f6rt. Danach schauen wir uns bahnbrechende Entwicklungen an, die auch unser heutiges Leben ma\u00dfgeblich gepr\u00e4gt haben: Der Buchdruck und der Thesenanschlag von Martin Luther ebnen den Weg in ein neues Zeitalter: die <strong>Fr\u00fche Neuzeit<\/strong>.<\/p>\n\n\n\n<p>F\u00fcr den Abschluss unserer Reise haben wir eine strahlende Pers\u00f6nlichkeit und seine prunkvollen Bauten, die nochmal f\u00fcr ein Highlight auf unserer Reise sorgen.<\/p>\n<\/div>\n<\/div>\n\n\n\n<div class=\"wp-block-columns is-layout-flex wp-container-core-columns-is-layout-28f84493 wp-block-columns-is-layout-flex\">\n<div class=\"wp-block-column is-layout-flow wp-block-column-is-layout-flow\">\n<p><strong>Unsere Reise bietet nun ein Upgrade an: In der achten und neunten Jahrgangsstufe gibt es die M\u00f6glichkeit, die Reise in der ersten Fremdsprache anzutreten.<\/strong> Mit oder ohne Upgrade: Der erste Halt unserer Reise durch <strong>das lange 19. Jahrhundert<\/strong> ist die Zeit der Aufkl\u00e4rer, die sich anhaltende Gedanken zur Politik machten. Revolution\u00e4r untersuchen wir hautnah, wie die Franz\u00f6sische Revolution die Landschaft Europas nachhaltig ver\u00e4nderte. Doch auch eine weitere Revolution ist ein entscheidender Halt auf unserer Reise: die <strong>industrielle Revolution<\/strong>, die uns Einblicke in Erfindungen wie die Dampfmaschine sowie gesellschaftliche Ver\u00e4nderungen gew\u00e4hrt. Als ebenfalls beeindruckend, aber auf eine ganz andere und negative Art und Weise, l\u00e4sst sich unser letzter Stopp in diesem Jahr beschreiben: der <strong>Erste Weltkrieg.<\/strong><\/p>\n<\/div>\n\n\n\n<div class=\"wp-block-column is-layout-flow wp-block-column-is-layout-flow\">\n<figure class=\"wp-block-image aligncenter size-full is-resized\"><img decoding=\"async\" width=\"596\" height=\"577\" src=\"https:\/\/nikolaus-kopernikus-gymnasium.de\/nkgweb\/wp-content\/uploads\/Bild3-3.png\" alt=\"\" class=\"wp-image-7616\" style=\"aspect-ratio:1.0329581093189963;width:281px;height:auto\" srcset=\"https:\/\/nikolaus-kopernikus-gymnasium.de\/nkgweb\/wp-content\/uploads\/Bild3-3.png 596w, https:\/\/nikolaus-kopernikus-gymnasium.de\/nkgweb\/wp-content\/uploads\/Bild3-3-300x290.png 300w\" sizes=\"(max-width: 596px) 100vw, 596px\" \/><\/figure>\n<\/div>\n<\/div>\n\n\n\n<div class=\"wp-block-columns is-layout-flex wp-container-core-columns-is-layout-28f84493 wp-block-columns-is-layout-flex\">\n<div class=\"wp-block-column is-layout-flow wp-block-column-is-layout-flow\">\n<figure class=\"wp-block-image aligncenter size-full is-resized\"><img loading=\"lazy\" decoding=\"async\" width=\"707\" height=\"543\" src=\"https:\/\/nikolaus-kopernikus-gymnasium.de\/nkgweb\/wp-content\/uploads\/Bild4-2.png\" alt=\"\" class=\"wp-image-7617\" style=\"aspect-ratio:1.3020263424518743;width:344px;height:auto\" srcset=\"https:\/\/nikolaus-kopernikus-gymnasium.de\/nkgweb\/wp-content\/uploads\/Bild4-2.png 707w, https:\/\/nikolaus-kopernikus-gymnasium.de\/nkgweb\/wp-content\/uploads\/Bild4-2-300x230.png 300w\" sizes=\"(max-width: 707px) 100vw, 707px\" \/><\/figure>\n<\/div>\n\n\n\n<div class=\"wp-block-column is-layout-flow wp-block-column-is-layout-flow\">\n<p>Das Reisemotto in diesem Schuljahr lautet: Kontraste!<\/p>\n\n\n\n<p>Und f\u00fcr diese muss man gar nicht weit in die Ferne reisen. Das <strong>Deutschland des 20. Jahrhunderts<\/strong> ist in jeder Weise pr\u00e4gend: Von der einst \u201edemokratischsten Demokratie\u201c (der <strong>Weimarer Republik<\/strong>) geht es direkt hinein in die <strong>Diktatur: Nationalsozialismus und Holocaust<\/strong>. Schaupl\u00e4tze dabei sind nicht nur epochale Meilensteine, sondern vor allem Orte des Grauens. Sie sollen uns alle erinnern, mahnen und aufkl\u00e4ren! Darum machen wir zum Halbjahr auch konkret Stopp im <strong>KZ Dachau<\/strong>.&nbsp;<\/p>\n<\/div>\n<\/div>\n\n\n\n<div class=\"wp-block-columns is-layout-flex wp-container-core-columns-is-layout-28f84493 wp-block-columns-is-layout-flex\">\n<div class=\"wp-block-column is-layout-flow wp-block-column-is-layout-flow\">\n<p><strong>Die gespaltenen Reisewege finden wieder zusammen.<\/strong> Ab der zehnten Jahrgangsstufe findet unsere Reise wieder einsprachig f\u00fcr alle statt. Die Reisedauer ist verk\u00fcrzt und findet <strong>einst\u00fcndig<\/strong> statt, was aber der Vielf\u00e4ltigkeit unserer Stationen nicht im Weg steht. Von der Gr\u00fcndung der <strong>BRD<\/strong> und der \u00dcberwachung der Stasi in der <strong>DDR<\/strong>, bewegen wir uns immer n\u00e4her in Richtung Gegenwart. Ein entscheidender Wegweiser unserer Reise ist der Wandel der Wirtschaft in der BRD und DDR, ehe wir durch den <strong>Mauerfall<\/strong> eine Sehensw\u00fcrdigkeit haben, die unsere thematisch gespaltene Reise wieder zu einem Komplex vereint. Unsere Reise in Richtung Gegenwart wird international: die <strong>globalisierte Welt<\/strong> sowie <strong>europ\u00e4ische Integration<\/strong> sind wichtige Meilensteine. Entscheidende Sehensw\u00fcrdigkeiten sind dabei die UNO sowie die EU als untersuchenswerte Organisationen.<\/p>\n<\/div>\n\n\n\n<div class=\"wp-block-column is-layout-flow wp-block-column-is-layout-flow\">\n<figure class=\"wp-block-image aligncenter size-full is-resized\"><img loading=\"lazy\" decoding=\"async\" width=\"686\" height=\"584\" src=\"https:\/\/nikolaus-kopernikus-gymnasium.de\/nkgweb\/wp-content\/uploads\/Bild5-1.png\" alt=\"\" class=\"wp-image-7618\" style=\"aspect-ratio:1.1746592790727295;width:342px;height:auto\" srcset=\"https:\/\/nikolaus-kopernikus-gymnasium.de\/nkgweb\/wp-content\/uploads\/Bild5-1.png 686w, https:\/\/nikolaus-kopernikus-gymnasium.de\/nkgweb\/wp-content\/uploads\/Bild5-1-300x255.png 300w\" sizes=\"(max-width: 686px) 100vw, 686px\" \/><\/figure>\n<\/div>\n<\/div>\n\n\n\n<div class=\"wp-block-columns is-layout-flex wp-container-core-columns-is-layout-28f84493 wp-block-columns-is-layout-flex\">\n<div class=\"wp-block-column is-layout-flow wp-block-column-is-layout-flow\">\n<figure class=\"wp-block-image aligncenter size-full is-resized\"><img loading=\"lazy\" decoding=\"async\" width=\"716\" height=\"531\" src=\"https:\/\/nikolaus-kopernikus-gymnasium.de\/nkgweb\/wp-content\/uploads\/Bild-6.png\" alt=\"\" class=\"wp-image-7619\" style=\"aspect-ratio:1.3484300179113207;width:359px;height:auto\" srcset=\"https:\/\/nikolaus-kopernikus-gymnasium.de\/nkgweb\/wp-content\/uploads\/Bild-6.png 716w, https:\/\/nikolaus-kopernikus-gymnasium.de\/nkgweb\/wp-content\/uploads\/Bild-6-300x222.png 300w\" sizes=\"(max-width: 716px) 100vw, 716px\" \/><\/figure>\n<\/div>\n\n\n\n<div class=\"wp-block-column is-layout-flow wp-block-column-is-layout-flow\">\n<p>Erinnerungsw\u00fcrdig! So l\u00e4sst sich unsere diesj\u00e4hrige Tour beschreiben, denn sie beginnt mit der <strong>Frage, wie Geschichte erinnert wird<\/strong>. Neben dem Mittelalter \u2013 das durch Mittelalterm\u00e4rkte und Reenactments in unserem Alltag \u00fcberall zu finden ist \u2013 und dem Kolonialismus, wird sich lebensnah mit der Frage befasst, wie sich heutige Gesellschaften an die Zeit des Nationalsozialismus erinnern. Zwischen nostalgischer Erinnerung an die DDR und der Realit\u00e4t, werden Erinnerungen kritisch ergr\u00fcndet und erforscht. &nbsp;Danach geht es in Richtung Heimat, die, im Zuge einer innigen <strong>Untersuchung Bayerns<\/strong> ausgiebig erkundet wird. So, wie sich Reisende bewegen, bewegten sich Migrationswellen im Laufe der Geschichte durch Bayern. Hugenotten sowie Gastarbeiter des 20. Jahrhunderts sind unsere Reisebegleiter, die uns bis zum Abschluss der Reise den Weg leiten.<\/p>\n<\/div>\n<\/div>\n\n\n\n<div class=\"wp-block-columns is-layout-flex wp-container-core-columns-is-layout-28f84493 wp-block-columns-is-layout-flex\">\n<div class=\"wp-block-column is-layout-flow wp-block-column-is-layout-flow\">\n<p><strong>Die gro\u00dfen Themenfelder der Geschichte nochmals perspektivisch, tiefergreifend betrachtet. Das geht in 12 und 13 auf zwei Wege \u2013 je nach Wunsch findet unsere Reise dann 2x w\u00f6chentlich oder 4x w\u00f6chentlich statt.<\/strong><\/p>\n\n\n\n<p>W\u00e4hrend bisher der Verlauf der Geschichte unsere Reiseroute ma\u00dfgeblich beeinflusst hat, sind es jetzt die <strong>Prozesse gesellschaftlicher und politischer Partizipation<\/strong>. Aber auch die <strong>Entwicklungslinien zwischen Demokratie und Diktatur<\/strong> werden genauer untersucht und viele Entscheidungen von damals kritisch hinterfragt.<\/p>\n\n\n\n<p>Unsere Reise ist fortan eine Erkundungstour mit eignen, frei gew\u00e4hlten Schwerpunkten und der Suche nach Antworten.<\/p>\n\n\n\n<p><em><u>Wer also Spa\u00df daran hat R\u00e4tsel zu l\u00f6sen und gut sowie gerne argumentiert sollte definitiv die 4-wochenst\u00fcndige Reise w\u00e4hlen!<\/u><\/em><\/p>\n<\/div>\n\n\n\n<div class=\"wp-block-column is-layout-flow wp-block-column-is-layout-flow\">\n<figure class=\"wp-block-image aligncenter size-full is-resized\"><img loading=\"lazy\" decoding=\"async\" width=\"646\" height=\"708\" src=\"https:\/\/nikolaus-kopernikus-gymnasium.de\/nkgweb\/wp-content\/uploads\/Bild-7-1.png\" alt=\"\" class=\"wp-image-7620\" style=\"aspect-ratio:0.9124390907516882;width:311px;height:auto\" srcset=\"https:\/\/nikolaus-kopernikus-gymnasium.de\/nkgweb\/wp-content\/uploads\/Bild-7-1.png 646w, https:\/\/nikolaus-kopernikus-gymnasium.de\/nkgweb\/wp-content\/uploads\/Bild-7-1-274x300.png 274w\" sizes=\"(max-width: 646px) 100vw, 646px\" \/><\/figure>\n<\/div>\n<\/div>\n\n\n\n<div class=\"wp-block-columns is-layout-flex wp-container-core-columns-is-layout-28f84493 wp-block-columns-is-layout-flex\">\n<div class=\"wp-block-column is-layout-flow wp-block-column-is-layout-flow\">\n<figure class=\"wp-block-image aligncenter size-full is-resized\"><img loading=\"lazy\" decoding=\"async\" width=\"692\" height=\"447\" src=\"https:\/\/nikolaus-kopernikus-gymnasium.de\/nkgweb\/wp-content\/uploads\/Bild-8.png\" alt=\"\" class=\"wp-image-7621\" style=\"aspect-ratio:1.54812673171907;width:378px;height:auto\" srcset=\"https:\/\/nikolaus-kopernikus-gymnasium.de\/nkgweb\/wp-content\/uploads\/Bild-8.png 692w, https:\/\/nikolaus-kopernikus-gymnasium.de\/nkgweb\/wp-content\/uploads\/Bild-8-300x194.png 300w\" sizes=\"(max-width: 692px) 100vw, 692px\" \/><\/figure>\n<\/div>\n\n\n\n<div class=\"wp-block-column is-layout-flow wp-block-column-is-layout-flow\">\n<p>Auch die sch\u00f6nste Reise geht einmal zu Ende \u2013 zumindest endet die schulische Reise im Fach Geschichte hier. Und was w\u00e4re eine Reise ohne geb\u00fchrenden Abschluss? Und wo k\u00e4me das Zitat von K. Tucholsky besser zum Tragen als in Jahrgangsstufe 13? Denn die Zeit ist knapp bemessen und es gibt noch so viel zu entdecken.<\/p>\n\n\n\n<p>Wir starten ein letztes Mal im Sinne eines Langstreckenfluges und schauen uns <strong>die gro\u00dfen internationalen politischen Akteure<\/strong> an. Den finalen Endpunkt bilden die <strong>historischen Grundlagen moderner demokratischer Staatsordnungen<\/strong>. <em>Mit diesem tiefen Verst\u00e4ndnis und einem ver\u00e4nderten Blickwinkel auf gesellschaftliche, soziale, wirtschaftliche und politische Entwicklungslinien k\u00f6nnt ihr nun eure eigene k\u00fcnftige Reise frei gestalten.<\/em><\/p>\n<\/div>\n<\/div>\n\n\n\n<div style=\"height:14px\" aria-hidden=\"true\" class=\"wp-block-spacer\"><\/div>\n\n\n\n<p><em>Wir freuen uns darauf, gemeinsam mit unseren Sch\u00fclerinnen und Sch\u00fclern die Geheimnisse der Geschichte zu erforschen!<\/em><\/p>\n\n\n\n<div style=\"height:14px\" aria-hidden=\"true\" class=\"wp-block-spacer\"><\/div>\n\n\n\n<p class=\"has-background\" style=\"background-color:#ccefff\"><strong>Die Reisebegleiter (aka Fachschaft) in Geschichte:<\/strong> Monika G\u00f6bel, Sandra Keller, Ulrike Maier, Friederike Schwarzw\u00e4lder, Christian St\u00f6lzle, Christian Virag<\/p>\n\n\n\n<div style=\"height:43px\" aria-hidden=\"true\" class=\"wp-block-spacer\"><\/div>\n\n\n\n<p>Weitere Informationen zum Fach Geschichte finden Sie unter <a href=\"https:\/\/www.lehrplanplus.bayern.de\/fachprofil\/gymnasium\/geschichte#303486\">hier.<\/a> <\/p>\n\n\n\n<p>Einen Link zu den Lehrplaninhalten der einzelnen Jahrgangsstufen finden Sie <a href=\"https:\/\/www.lehrplanplus.bayern.de\/schulart\/gymnasium\/fach\/geschichte\/inhalt\/fachlehrplaene?w_schulart=gymnasium&amp;wt_1=schulart&amp;w_fach=geschichte&amp;wt_2=fach\">hier.<\/a><\/p>\n\n\n\n<div style=\"height:92px\" aria-hidden=\"true\" class=\"wp-block-spacer\"><\/div>\n","protected":false},"excerpt":{"rendered":"<p>Geschichte Wer die Enge seiner Heimat begreifen will, der reise. Wer die Enge seiner Zeit ermessen will, studiere Geschichte. &#8211; Kurt Tucholsky Unsere gemeinsame Reise beginnt in der 6. Jahrgangsstufe mit einem Rundflug \u00fcber die Zeiten. Es geht zum Ursprung zur\u00fcck und von dort blitzschnell Richtung Steinzeit. Nach erfolgreichen Jagden, Lagerfeuern und H\u00f6hlenmalerei begeben wir &hellip; <\/p>\n<p class=\"link-more\"><a href=\"https:\/\/nikolaus-kopernikus-gymnasium.de\/nkgweb\/index.php\/geschichte\/\" class=\"more-link\">Mehr <span class=\"screen-reader-text\">\u00fcber &#8222;Geschichte&#8220; <\/span>Lesen<\/a><\/p>\n","protected":false},"author":6,"featured_media":7632,"parent":0,"menu_order":0,"comment_status":"closed","ping_status":"closed","template":"","meta":{"inspiro_hide_title":false,"footnotes":""},"class_list":["post-7613","page","type-page","status-publish","has-post-thumbnail","hentry"],"_links":{"self":[{"href":"https:\/\/nikolaus-kopernikus-gymnasium.de\/nkgweb\/index.php\/wp-json\/wp\/v2\/pages\/7613","targetHints":{"allow":["GET"]}}],"collection":[{"href":"https:\/\/nikolaus-kopernikus-gymnasium.de\/nkgweb\/index.php\/wp-json\/wp\/v2\/pages"}],"about":[{"href":"https:\/\/nikolaus-kopernikus-gymnasium.de\/nkgweb\/index.php\/wp-json\/wp\/v2\/types\/page"}],"author":[{"embeddable":true,"href":"https:\/\/nikolaus-kopernikus-gymnasium.de\/nkgweb\/index.php\/wp-json\/wp\/v2\/users\/6"}],"replies":[{"embeddable":true,"href":"https:\/\/nikolaus-kopernikus-gymnasium.de\/nkgweb\/index.php\/wp-json\/wp\/v2\/comments?post=7613"}],"version-history":[{"count":5,"href":"https:\/\/nikolaus-kopernikus-gymnasium.de\/nkgweb\/index.php\/wp-json\/wp\/v2\/pages\/7613\/revisions"}],"predecessor-version":[{"id":7641,"href":"https:\/\/nikolaus-kopernikus-gymnasium.de\/nkgweb\/index.php\/wp-json\/wp\/v2\/pages\/7613\/revisions\/7641"}],"wp:featuredmedia":[{"embeddable":true,"href":"https:\/\/nikolaus-kopernikus-gymnasium.de\/nkgweb\/index.php\/wp-json\/wp\/v2\/media\/7632"}],"wp:attachment":[{"href":"https:\/\/nikolaus-kopernikus-gymnasium.de\/nkgweb\/index.php\/wp-json\/wp\/v2\/media?parent=7613"}],"curies":[{"name":"wp","href":"https:\/\/api.w.org\/{rel}","templated":true}]}}