{"id":3574,"date":"2024-02-24T13:18:14","date_gmt":"2024-02-24T12:18:14","guid":{"rendered":"https:\/\/nikolaus-kopernikus-gymnasium.de\/nkgweb\/?page_id=3574"},"modified":"2024-02-24T13:44:20","modified_gmt":"2024-02-24T12:44:20","slug":"geographie","status":"publish","type":"page","link":"https:\/\/nikolaus-kopernikus-gymnasium.de\/nkgweb\/index.php\/geographie\/","title":{"rendered":"Geographie"},"content":{"rendered":"\t\t<div data-elementor-type=\"wp-page\" data-elementor-id=\"3574\" class=\"elementor elementor-3574\">\n\t\t\t\t\t\t<section class=\"elementor-section elementor-top-section elementor-element elementor-element-62641a4 elementor-section-boxed elementor-section-height-default elementor-section-height-default\" data-id=\"62641a4\" data-element_type=\"section\" data-e-type=\"section\">\n\t\t\t\t\t\t<div class=\"elementor-container elementor-column-gap-default\">\n\t\t\t\t\t<div class=\"elementor-column elementor-col-100 elementor-top-column elementor-element elementor-element-6b2eea2\" data-id=\"6b2eea2\" data-element_type=\"column\" data-e-type=\"column\">\n\t\t\t<div class=\"elementor-widget-wrap elementor-element-populated\">\n\t\t\t\t\t\t<div class=\"elementor-element elementor-element-f5eee8d elementor-widget elementor-widget-heading\" data-id=\"f5eee8d\" data-element_type=\"widget\" data-e-type=\"widget\" data-widget_type=\"heading.default\">\n\t\t\t\t<div class=\"elementor-widget-container\">\n\t\t\t\t\t<h2 class=\"elementor-heading-title elementor-size-default\">Geographie am Nikolaus-Kopernikus-Gymnasium<\/h2>\t\t\t\t<\/div>\n\t\t\t\t<\/div>\n\t\t\t\t\t<\/div>\n\t\t<\/div>\n\t\t\t\t\t<\/div>\n\t\t<\/section>\n\t\t\t\t<section class=\"elementor-section elementor-top-section elementor-element elementor-element-d936d5b elementor-section-boxed elementor-section-height-default elementor-section-height-default\" data-id=\"d936d5b\" data-element_type=\"section\" data-e-type=\"section\">\n\t\t\t\t\t\t<div class=\"elementor-container elementor-column-gap-default\">\n\t\t\t\t\t<div class=\"elementor-column elementor-col-100 elementor-top-column elementor-element elementor-element-2576521\" data-id=\"2576521\" data-element_type=\"column\" data-e-type=\"column\">\n\t\t\t<div class=\"elementor-widget-wrap elementor-element-populated\">\n\t\t\t\t\t\t<div class=\"elementor-element elementor-element-6dd4abf elementor-widget elementor-widget-text-editor\" data-id=\"6dd4abf\" data-element_type=\"widget\" data-e-type=\"widget\" data-widget_type=\"text-editor.default\">\n\t\t\t\t<div class=\"elementor-widget-container\">\n\t\t\t\t\t\t\t\t\t<p><strong>\u201cGeography is what geographers do.\u201d (Karl Popper)<\/strong><\/p><p><strong>Inhalte und Ziele:<\/strong> Klima, Ressourcen, Globalisierung, Migration, Verst\u00e4dterung, Demographie und Geopolitik \u2013 die gro\u00dfen Herausforderungen des 21. Jahrhunderts. Im Fach Geographie befassen sich die Sch\u00fclerinnen und Sch\u00fcler umfassend mit den wesentlichen Schl\u00fcsselfragen unseres Jahrhunderts anhand von raumbezogenen Strukturen und Prozessen auf der Erde. Dar\u00fcber hinaus ist ein zentrales Ziel des Geographieunterrichts, unseren Planeten als Lebensgrundlage des Menschen in seiner Einzigartigkeit, Vielfalt und Verletzlichkeit zu begreifen und Verantwortungsbewusstsein f\u00fcr eigenes Handeln zu f\u00f6rdern.<\/p><p><strong>Br\u00fcckenfach:<\/strong> Als Br\u00fcckenfach vernetzt die Geographie Gesellschafts- und Naturwissenschaften und vermittelt zentrale Grundlagen in beiden Bereichen. So bezieht sie sowohl naturgeographische (z. B. Klima, Vegetation, Relief) als auch humangeographische Systeme (z. B. Bev\u00f6lkerung, Wirtschaft, Verkehr, Geopolitik), deren Strukturen, Prozesse und Interdependenzen mit ein.<\/p><p><strong>Mensch-Umwelt-Disziplin:<\/strong> Die besondere St\u00e4rke geographischer Bildung liegt im systemischen Zusammendenken in Form der Verflechtung von Mensch und Umwelt. Um die Herausforderungen des 21. Jahrhunderts angemessen analysieren zu k\u00f6nnen, ist es von entscheidender Bedeutung, diese Ph\u00e4nomene als Mensch-Umwelt-Systeme mit all ihren Interdependenzen zu begreifen. Durch das Zusammenspiel naturwissenschaftlicher und gesellschaftswissenschaftlicher Herangehensweisen im Unterricht, durch Einblicke sowohl in die gestaltenden Kr\u00e4fte der Natur als auch in die raumpr\u00e4genden Einfl\u00fcsse des Menschen werden Ursachen und Auswirkungen analysiert und Handlungsoptionen entwickelt, die unsere Gesellschaft zuk\u00fcnftig resilienter werden lassen.<\/p><p><strong>Raumwissenschaft:<\/strong> Geographische Bildung begr\u00fcndet sich ma\u00dfgeblich darin, dass der Mensch ein zutiefst raumgebundenes und raumpr\u00e4gendes Wesen ist. Die r\u00e4umliche Perspektive ist zentral f\u00fcr das Fach. Die Sch\u00fclerinnen und Sch\u00fcler erwerben im Geographieunterricht nicht nur die F\u00e4higkeit, sich auf unterschiedliche Art und Weise r\u00e4umlich orientieren zu k\u00f6nnen, sondern sie entwickeln ein vertieftes Raumverst\u00e4ndnis, sie lernen R\u00e4ume differenziert wahrzunehmen und zu erfassen. Dabei unterscheiden sie die objektive Ausstattung sowie die subjektive und selektive Wahrnehmung und Bewertung von R\u00e4umen und erkennen, dass R\u00e4ume immer bewusst oder unbewusst konstruiert sind. Die Auseinandersetzung mit globalen und regionalen natur- und humangeographischen Strukturen tr\u00e4gt zur Welterschlie\u00dfung bei. Durch die Herstellung von Bez\u00fcgen, zwischen dem Heimatraum und anderen Teilen der Welt, werden die jungen Menschen zur Reflexion ihrer eigenen Lebenswelt und Lebensweise angeregt. Die Begegnung mit europ\u00e4ischen und au\u00dfereurop\u00e4ischen L\u00e4ndern und Regionen erm\u00f6glicht ihnen einen Einblick in die kulturelle Vielfalt auf der Erde.<\/p><p><strong>Geographieunterricht am NKG:<\/strong> Am NKG wird das Fach Geographie in den Jahrgangsstufen 5,7, 10, 11, 12 und 13 jeweils zweist\u00fcndig unterrichtet. Mit dem neuen G9 wird das Fach ab dem Schuljahr auch als Leistungsfach auf erh\u00f6htem Anforderungsniveau vierst\u00fcndig unterrichtet. Dar\u00fcber hinaus besteht die M\u00f6glichkeit Geographie als P- oder W-Seminaren zu belegen. Ab der 7. Jahrgangsstufe besteht die M\u00f6glichkeit am bilingualen Geographieunterricht auf Englisch teilzunehmen.<\/p><p><strong>Geographielehrkr\u00e4fte am NKG:<\/strong> Heidi G\u00f6rgen, Elke Offenwanger, Gerald Lahmer, Matthias Schmid, David Anich<\/p>\t\t\t\t\t\t\t\t<\/div>\n\t\t\t\t<\/div>\n\t\t\t\t\t<\/div>\n\t\t<\/div>\n\t\t\t\t\t<\/div>\n\t\t<\/section>\n\t\t\t\t<section class=\"elementor-section elementor-top-section elementor-element elementor-element-abe5d67 elementor-section-boxed elementor-section-height-default elementor-section-height-default\" data-id=\"abe5d67\" data-element_type=\"section\" data-e-type=\"section\">\n\t\t\t\t\t\t<div class=\"elementor-container elementor-column-gap-default\">\n\t\t\t\t\t<div class=\"elementor-column elementor-col-100 elementor-top-column elementor-element elementor-element-89e310d\" data-id=\"89e310d\" data-element_type=\"column\" data-e-type=\"column\">\n\t\t\t<div class=\"elementor-widget-wrap elementor-element-populated\">\n\t\t\t\t\t\t<div class=\"elementor-element elementor-element-e7ae248 elementor-widget elementor-widget-spacer\" data-id=\"e7ae248\" data-element_type=\"widget\" data-e-type=\"widget\" data-widget_type=\"spacer.default\">\n\t\t\t\t<div class=\"elementor-widget-container\">\n\t\t\t\t\t\t\t<div class=\"elementor-spacer\">\n\t\t\t<div class=\"elementor-spacer-inner\"><\/div>\n\t\t<\/div>\n\t\t\t\t\t\t<\/div>\n\t\t\t\t<\/div>\n\t\t\t\t\t<\/div>\n\t\t<\/div>\n\t\t\t\t\t<\/div>\n\t\t<\/section>\n\t\t\t\t<section class=\"elementor-section elementor-top-section elementor-element elementor-element-2848026 elementor-section-boxed elementor-section-height-default elementor-section-height-default\" data-id=\"2848026\" data-element_type=\"section\" data-e-type=\"section\">\n\t\t\t\t\t\t<div class=\"elementor-container elementor-column-gap-default\">\n\t\t\t\t\t<div class=\"elementor-column elementor-col-33 elementor-top-column elementor-element elementor-element-69f3cbc\" data-id=\"69f3cbc\" data-element_type=\"column\" data-e-type=\"column\">\n\t\t\t<div class=\"elementor-widget-wrap elementor-element-populated\">\n\t\t\t\t\t\t<div class=\"elementor-element elementor-element-33a15d2 elementor-widget elementor-widget-image\" data-id=\"33a15d2\" data-element_type=\"widget\" data-e-type=\"widget\" data-widget_type=\"image.default\">\n\t\t\t\t<div class=\"elementor-widget-container\">\n\t\t\t\t\t\t\t\t\t\t\t\t\t\t\t<img fetchpriority=\"high\" decoding=\"async\" width=\"950\" height=\"751\" src=\"https:\/\/nikolaus-kopernikus-gymnasium.de\/nkgweb\/wp-content\/uploads\/field-cultivation-62952_1280-e1708778259561-1024x809.jpg\" class=\"attachment-large size-large wp-image-3584\" alt=\"\" srcset=\"https:\/\/nikolaus-kopernikus-gymnasium.de\/nkgweb\/wp-content\/uploads\/field-cultivation-62952_1280-e1708778259561-1024x809.jpg 1024w, https:\/\/nikolaus-kopernikus-gymnasium.de\/nkgweb\/wp-content\/uploads\/field-cultivation-62952_1280-e1708778259561-300x237.jpg 300w, https:\/\/nikolaus-kopernikus-gymnasium.de\/nkgweb\/wp-content\/uploads\/field-cultivation-62952_1280-e1708778259561-768x607.jpg 768w, https:\/\/nikolaus-kopernikus-gymnasium.de\/nkgweb\/wp-content\/uploads\/field-cultivation-62952_1280-e1708778259561.jpg 1280w\" sizes=\"100vw\" \/>\t\t\t\t\t\t\t\t\t\t\t\t\t\t\t<\/div>\n\t\t\t\t<\/div>\n\t\t\t\t\t<\/div>\n\t\t<\/div>\n\t\t\t\t<div class=\"elementor-column elementor-col-33 elementor-top-column elementor-element elementor-element-4f1b569\" data-id=\"4f1b569\" data-element_type=\"column\" data-e-type=\"column\">\n\t\t\t<div class=\"elementor-widget-wrap elementor-element-populated\">\n\t\t\t\t\t\t<div class=\"elementor-element elementor-element-fc3b2c0 elementor-widget elementor-widget-image\" data-id=\"fc3b2c0\" data-element_type=\"widget\" data-e-type=\"widget\" data-widget_type=\"image.default\">\n\t\t\t\t<div class=\"elementor-widget-container\">\n\t\t\t\t\t\t\t\t\t\t\t\t\t\t\t<img decoding=\"async\" width=\"950\" height=\"747\" src=\"https:\/\/nikolaus-kopernikus-gymnasium.de\/nkgweb\/wp-content\/uploads\/red-sea-67618_1280-1024x805.jpg\" class=\"attachment-large size-large wp-image-3586\" alt=\"\" srcset=\"https:\/\/nikolaus-kopernikus-gymnasium.de\/nkgweb\/wp-content\/uploads\/red-sea-67618_1280-1024x805.jpg 1024w, https:\/\/nikolaus-kopernikus-gymnasium.de\/nkgweb\/wp-content\/uploads\/red-sea-67618_1280-300x236.jpg 300w, https:\/\/nikolaus-kopernikus-gymnasium.de\/nkgweb\/wp-content\/uploads\/red-sea-67618_1280.jpg 1280w\" sizes=\"100vw\" \/>\t\t\t\t\t\t\t\t\t\t\t\t\t\t\t<\/div>\n\t\t\t\t<\/div>\n\t\t\t\t\t<\/div>\n\t\t<\/div>\n\t\t\t\t<div class=\"elementor-column elementor-col-33 elementor-top-column elementor-element elementor-element-85d83d6\" data-id=\"85d83d6\" data-element_type=\"column\" data-e-type=\"column\">\n\t\t\t<div class=\"elementor-widget-wrap elementor-element-populated\">\n\t\t\t\t\t\t<div class=\"elementor-element elementor-element-5097478 elementor-widget__width-initial elementor-widget elementor-widget-image\" data-id=\"5097478\" data-element_type=\"widget\" data-e-type=\"widget\" data-widget_type=\"image.default\">\n\t\t\t\t<div class=\"elementor-widget-container\">\n\t\t\t\t\t\t\t\t\t\t\t\t\t\t\t<img decoding=\"async\" width=\"950\" height=\"731\" src=\"https:\/\/nikolaus-kopernikus-gymnasium.de\/nkgweb\/wp-content\/uploads\/iceland-63131_1280-1024x788.jpg\" class=\"attachment-large size-large wp-image-3585\" alt=\"\" srcset=\"https:\/\/nikolaus-kopernikus-gymnasium.de\/nkgweb\/wp-content\/uploads\/iceland-63131_1280-1024x788.jpg 1024w, https:\/\/nikolaus-kopernikus-gymnasium.de\/nkgweb\/wp-content\/uploads\/iceland-63131_1280-300x231.jpg 300w, https:\/\/nikolaus-kopernikus-gymnasium.de\/nkgweb\/wp-content\/uploads\/iceland-63131_1280.jpg 1280w\" sizes=\"100vw\" \/>\t\t\t\t\t\t\t\t\t\t\t\t\t\t\t<\/div>\n\t\t\t\t<\/div>\n\t\t\t\t\t<\/div>\n\t\t<\/div>\n\t\t\t\t\t<\/div>\n\t\t<\/section>\n\t\t\t\t<section class=\"elementor-section elementor-top-section elementor-element elementor-element-0ec75a5 elementor-section-boxed elementor-section-height-default elementor-section-height-default\" data-id=\"0ec75a5\" data-element_type=\"section\" data-e-type=\"section\">\n\t\t\t\t\t\t<div class=\"elementor-container elementor-column-gap-default\">\n\t\t\t\t\t<div class=\"elementor-column elementor-col-33 elementor-top-column elementor-element elementor-element-267d65d\" data-id=\"267d65d\" data-element_type=\"column\" data-e-type=\"column\">\n\t\t\t<div class=\"elementor-widget-wrap elementor-element-populated\">\n\t\t\t\t\t\t<div class=\"elementor-element elementor-element-b57b2bb elementor-widget elementor-widget-image\" data-id=\"b57b2bb\" data-element_type=\"widget\" data-e-type=\"widget\" data-widget_type=\"image.default\">\n\t\t\t\t<div class=\"elementor-widget-container\">\n\t\t\t\t\t\t\t\t\t\t\t\t\t\t\t<img loading=\"lazy\" decoding=\"async\" width=\"950\" height=\"641\" src=\"https:\/\/nikolaus-kopernikus-gymnasium.de\/nkgweb\/wp-content\/uploads\/hurricane-67581_1280-e1708778373744-1024x691.jpg\" class=\"attachment-large size-large wp-image-3587\" alt=\"\" srcset=\"https:\/\/nikolaus-kopernikus-gymnasium.de\/nkgweb\/wp-content\/uploads\/hurricane-67581_1280-e1708778373744-1024x691.jpg 1024w, https:\/\/nikolaus-kopernikus-gymnasium.de\/nkgweb\/wp-content\/uploads\/hurricane-67581_1280-e1708778373744-300x203.jpg 300w, https:\/\/nikolaus-kopernikus-gymnasium.de\/nkgweb\/wp-content\/uploads\/hurricane-67581_1280-e1708778373744-768x518.jpg 768w, https:\/\/nikolaus-kopernikus-gymnasium.de\/nkgweb\/wp-content\/uploads\/hurricane-67581_1280-e1708778373744.jpg 1280w\" sizes=\"100vw\" \/>\t\t\t\t\t\t\t\t\t\t\t\t\t\t\t<\/div>\n\t\t\t\t<\/div>\n\t\t\t\t\t<\/div>\n\t\t<\/div>\n\t\t\t\t<div class=\"elementor-column elementor-col-33 elementor-top-column elementor-element elementor-element-bceac33\" data-id=\"bceac33\" data-element_type=\"column\" data-e-type=\"column\">\n\t\t\t<div class=\"elementor-widget-wrap elementor-element-populated\">\n\t\t\t\t\t\t<div class=\"elementor-element elementor-element-1448b7a elementor-widget elementor-widget-image\" data-id=\"1448b7a\" data-element_type=\"widget\" data-e-type=\"widget\" data-widget_type=\"image.default\">\n\t\t\t\t<div class=\"elementor-widget-container\">\n\t\t\t\t\t\t\t\t\t\t\t\t\t\t\t<img loading=\"lazy\" decoding=\"async\" width=\"950\" height=\"633\" src=\"https:\/\/nikolaus-kopernikus-gymnasium.de\/nkgweb\/wp-content\/uploads\/united-states-92367_1280-1024x682.jpg\" class=\"attachment-large size-large wp-image-3588\" alt=\"\" srcset=\"https:\/\/nikolaus-kopernikus-gymnasium.de\/nkgweb\/wp-content\/uploads\/united-states-92367_1280-1024x682.jpg 1024w, https:\/\/nikolaus-kopernikus-gymnasium.de\/nkgweb\/wp-content\/uploads\/united-states-92367_1280-300x200.jpg 300w, https:\/\/nikolaus-kopernikus-gymnasium.de\/nkgweb\/wp-content\/uploads\/united-states-92367_1280.jpg 1280w\" sizes=\"100vw\" \/>\t\t\t\t\t\t\t\t\t\t\t\t\t\t\t<\/div>\n\t\t\t\t<\/div>\n\t\t\t\t\t<\/div>\n\t\t<\/div>\n\t\t\t\t<div class=\"elementor-column elementor-col-33 elementor-top-column elementor-element elementor-element-7d8454c\" data-id=\"7d8454c\" data-element_type=\"column\" data-e-type=\"column\">\n\t\t\t<div class=\"elementor-widget-wrap elementor-element-populated\">\n\t\t\t\t\t\t<div class=\"elementor-element elementor-element-50cc179 elementor-widget elementor-widget-image\" data-id=\"50cc179\" data-element_type=\"widget\" data-e-type=\"widget\" data-widget_type=\"image.default\">\n\t\t\t\t<div class=\"elementor-widget-container\">\n\t\t\t\t\t\t\t\t\t\t\t\t\t\t\t<img loading=\"lazy\" decoding=\"async\" width=\"950\" height=\"641\" src=\"https:\/\/nikolaus-kopernikus-gymnasium.de\/nkgweb\/wp-content\/uploads\/aerial-view-11102_1280-e1708778441543-1024x691.jpg\" class=\"attachment-large size-large wp-image-3589\" alt=\"\" srcset=\"https:\/\/nikolaus-kopernikus-gymnasium.de\/nkgweb\/wp-content\/uploads\/aerial-view-11102_1280-e1708778441543-1024x691.jpg 1024w, https:\/\/nikolaus-kopernikus-gymnasium.de\/nkgweb\/wp-content\/uploads\/aerial-view-11102_1280-e1708778441543-300x203.jpg 300w, https:\/\/nikolaus-kopernikus-gymnasium.de\/nkgweb\/wp-content\/uploads\/aerial-view-11102_1280-e1708778441543-768x518.jpg 768w, https:\/\/nikolaus-kopernikus-gymnasium.de\/nkgweb\/wp-content\/uploads\/aerial-view-11102_1280-e1708778441543.jpg 1280w\" sizes=\"100vw\" \/>\t\t\t\t\t\t\t\t\t\t\t\t\t\t\t<\/div>\n\t\t\t\t<\/div>\n\t\t\t\t\t<\/div>\n\t\t<\/div>\n\t\t\t\t\t<\/div>\n\t\t<\/section>\n\t\t\t\t<section class=\"elementor-section elementor-top-section elementor-element elementor-element-f10752c elementor-section-boxed elementor-section-height-default elementor-section-height-default\" data-id=\"f10752c\" data-element_type=\"section\" data-e-type=\"section\">\n\t\t\t\t\t\t<div class=\"elementor-container elementor-column-gap-default\">\n\t\t\t\t\t<div class=\"elementor-column elementor-col-100 elementor-top-column elementor-element elementor-element-395f927\" data-id=\"395f927\" data-element_type=\"column\" data-e-type=\"column\">\n\t\t\t<div class=\"elementor-widget-wrap elementor-element-populated\">\n\t\t\t\t\t\t<div class=\"elementor-element elementor-element-4d47218 elementor-widget elementor-widget-spacer\" data-id=\"4d47218\" data-element_type=\"widget\" data-e-type=\"widget\" data-widget_type=\"spacer.default\">\n\t\t\t\t<div class=\"elementor-widget-container\">\n\t\t\t\t\t\t\t<div class=\"elementor-spacer\">\n\t\t\t<div class=\"elementor-spacer-inner\"><\/div>\n\t\t<\/div>\n\t\t\t\t\t\t<\/div>\n\t\t\t\t<\/div>\n\t\t\t\t\t<\/div>\n\t\t<\/div>\n\t\t\t\t\t<\/div>\n\t\t<\/section>\n\t\t\t\t<\/div>\n\t\t","protected":false},"excerpt":{"rendered":"<p>Geographie am Nikolaus-Kopernikus-Gymnasium \u201cGeography is what geographers do.\u201d (Karl Popper) Inhalte und Ziele: Klima, Ressourcen, Globalisierung, Migration, Verst\u00e4dterung, Demographie und Geopolitik \u2013 die gro\u00dfen Herausforderungen des 21. Jahrhunderts. Im Fach Geographie befassen sich die Sch\u00fclerinnen und Sch\u00fcler umfassend mit den wesentlichen Schl\u00fcsselfragen unseres Jahrhunderts anhand von raumbezogenen Strukturen und Prozessen auf der Erde. Dar\u00fcber hinaus &hellip; <\/p>\n<p class=\"link-more\"><a href=\"https:\/\/nikolaus-kopernikus-gymnasium.de\/nkgweb\/index.php\/geographie\/\" class=\"more-link\">Mehr <span class=\"screen-reader-text\">\u00fcber &#8222;Geographie&#8220; <\/span>Lesen<\/a><\/p>\n","protected":false},"author":6,"featured_media":3599,"parent":0,"menu_order":0,"comment_status":"closed","ping_status":"closed","template":"","meta":{"inspiro_hide_title":false,"footnotes":""},"class_list":["post-3574","page","type-page","status-publish","has-post-thumbnail","hentry"],"_links":{"self":[{"href":"https:\/\/nikolaus-kopernikus-gymnasium.de\/nkgweb\/index.php\/wp-json\/wp\/v2\/pages\/3574","targetHints":{"allow":["GET"]}}],"collection":[{"href":"https:\/\/nikolaus-kopernikus-gymnasium.de\/nkgweb\/index.php\/wp-json\/wp\/v2\/pages"}],"about":[{"href":"https:\/\/nikolaus-kopernikus-gymnasium.de\/nkgweb\/index.php\/wp-json\/wp\/v2\/types\/page"}],"author":[{"embeddable":true,"href":"https:\/\/nikolaus-kopernikus-gymnasium.de\/nkgweb\/index.php\/wp-json\/wp\/v2\/users\/6"}],"replies":[{"embeddable":true,"href":"https:\/\/nikolaus-kopernikus-gymnasium.de\/nkgweb\/index.php\/wp-json\/wp\/v2\/comments?post=3574"}],"version-history":[{"count":19,"href":"https:\/\/nikolaus-kopernikus-gymnasium.de\/nkgweb\/index.php\/wp-json\/wp\/v2\/pages\/3574\/revisions"}],"predecessor-version":[{"id":3608,"href":"https:\/\/nikolaus-kopernikus-gymnasium.de\/nkgweb\/index.php\/wp-json\/wp\/v2\/pages\/3574\/revisions\/3608"}],"wp:featuredmedia":[{"embeddable":true,"href":"https:\/\/nikolaus-kopernikus-gymnasium.de\/nkgweb\/index.php\/wp-json\/wp\/v2\/media\/3599"}],"wp:attachment":[{"href":"https:\/\/nikolaus-kopernikus-gymnasium.de\/nkgweb\/index.php\/wp-json\/wp\/v2\/media?parent=3574"}],"curies":[{"name":"wp","href":"https:\/\/api.w.org\/{rel}","templated":true}]}}