{"id":3453,"date":"2024-02-15T12:36:46","date_gmt":"2024-02-15T11:36:46","guid":{"rendered":"https:\/\/nikolaus-kopernikus-gymnasium.de\/nkgweb\/?page_id=3453"},"modified":"2025-02-23T14:41:38","modified_gmt":"2025-02-23T13:41:38","slug":"musik","status":"publish","type":"page","link":"https:\/\/nikolaus-kopernikus-gymnasium.de\/nkgweb\/index.php\/musik\/","title":{"rendered":"Musik"},"content":{"rendered":"\t\t<div data-elementor-type=\"wp-page\" data-elementor-id=\"3453\" class=\"elementor elementor-3453\">\n\t\t\t\t\t\t<section class=\"elementor-section elementor-top-section elementor-element elementor-element-34348e00 elementor-section-boxed elementor-section-height-default elementor-section-height-default\" data-id=\"34348e00\" data-element_type=\"section\" data-e-type=\"section\">\n\t\t\t\t\t\t<div class=\"elementor-container elementor-column-gap-default\">\n\t\t\t\t\t<div class=\"elementor-column elementor-col-100 elementor-top-column elementor-element elementor-element-42d14e34\" data-id=\"42d14e34\" data-element_type=\"column\" data-e-type=\"column\">\n\t\t\t<div class=\"elementor-widget-wrap elementor-element-populated\">\n\t\t\t\t\t\t<div class=\"elementor-element elementor-element-63d359b8 elementor-widget__width-initial elementor-widget elementor-widget-text-editor\" data-id=\"63d359b8\" data-element_type=\"widget\" data-e-type=\"widget\" data-widget_type=\"text-editor.default\">\n\t\t\t\t<div class=\"elementor-widget-container\">\n\t\t\t\t\t\t\t\t\t<h1><strong>Musik<\/strong><\/h1>\n<p><!-- \/wp:paragraph --><\/p>\n<p><!-- wp:paragraph --><\/p>\n<p>Herzlich willkommen auf der Internetseite des Fachbereichs Musik am Nikolaus-Kopernikus-Gymnasium, dem einzigen Gymnasium mit musischer Ausbildungsrichtung im Landkreis Neu-Ulm, Bayern! Tauchen Sie ein in unsere musische Welt, die von der 5. bis zur 13. Klasse eine<br>umfassende Pers\u00f6nlichkeitsbildung durch Musik, Kunst, Deutsch und Sport f\u00f6rdert.<\/p>\n<p><!-- \/wp:paragraph --><\/p>\n<p><!-- wp:paragraph --><\/p>\n<h4><strong>Lehrplan und Curriculum<\/strong><\/h4>\n<p>Das Fach Musik bietet nicht nur einen umfassenden Einblick in die Welt der Musik, sondern f\u00f6rdert auch die kreative und k\u00fcnstlerische Entfaltung der Sch\u00fclerinnen und Sch\u00fcler. Unser Lehrplan umfasst alle wesentlichen Aspekte der Musiktheorie, Geschichte und Praxis. Die Sch\u00fclerinnen und Sch\u00fcler lernen nicht nur die Grundlagen der Musiknotation, sondern setzen ihr Wissen aktiv in verschiedenen Projekten und Auff\u00fchrungen um.<br>Wir legen gro\u00dfen Wert auf vielf\u00e4ltige Unterrichtsmethoden, die den Sch\u00fclerinnen und Sch\u00fclern erm\u00f6glichen, ihre musikalischen F\u00e4higkeiten zu entfalten. Interaktive Lernformen, praxisnahe Ans\u00e4tze und modernste Technologien kommen dabei zum Einsatz.<\/p>\n<h4>Musisches Gymnasium<\/h4>\n<p>Als einziges Gymnasium im Landkreis Neu-Ulm bieten wir die&nbsp;<a href=\"https:\/\/nikolaus-kopernikus-gymnasium.de\/nkgweb\/index.php\/2025\/02\/23\/der-musische-zweig-mug\/\" target=\"_blank\">musische Ausbildungsrichtung<\/a>&nbsp;an.<br>F\u00fcr weitere Informationen zur musischen Ausbildung am NKG folgen Sie bitte diesem&nbsp;<a href=\"https:\/\/nikolaus-kopernikus-gymnasium.de\/nkgweb\/index.php\/2025\/02\/23\/der-musische-zweig-mug\/\" target=\"_blank\">Link<\/a>.<\/p>\n<p><!-- \/wp:paragraph --><\/p>\n<p><!-- wp:paragraph --><\/p>\n<h4><strong>Musiklehrer und R\u00e4ume<\/strong><\/h4>\n<p>Dominik Klein (Fachschaftsleiter), Annette Baur, Tobias Keck<br>Unser engagiertes Lehrerteam steht f\u00fcr diese exzellente musikalische Bildung. Zus\u00e4tzliche Unterst\u00fctzungsangebote, gut ausgestattete Fachr\u00e4ume und eine breite Auswahl an Instrumenten erm\u00f6glichen eine umfassende musikalische Ausbildung.<\/p>\n<p><!-- \/wp:paragraph --><\/p>\n<p><!-- wp:paragraph --><\/p>\n<h4><strong>Ensembles und Projekte<\/strong><\/h4>\n<p>Das Nikolaus-Kopernikus-Gymnasium bietet ein breites musikalisches Angebot. Sch\u00fclerinnen und Sch\u00fcler beider ausbildungszweige k\u00f6nnen sich in allen Jahrgangsstufen engagieren und dabei Verantwortungsbewusstsein, Ausdauer und gegenseitige R\u00fccksichtnahme erlernen. Die<br>Musik spielt eine bedeutende Rolle bei Konzerten und Schulfeiern, wodurch eine starke Identifikation mit dem NKG als Lernort entsteht.<\/p>\n<p><!-- \/wp:paragraph --><\/p>\n<p><!-- wp:paragraph --><\/p>\n<h4><b>Unterstufe (5.-7. Klasse)<\/b><\/h4>\n<p><i><b>Chor &#8222;Young Voices&#8220;:<\/b><\/i><b> <\/b>Eine harmonische Gemeinschaft, die junge Stimmen vereint und durch Auftritte das musikalische Repertoire erweitert. In regelm\u00e4\u00dfigen Abst\u00e4nden wirken die Jungen S\u00e4gerinnen und S\u00e4nger auch als Darsteller von Musicals an der Schule mit.<br><i><b>Junior Big Band:<\/b><\/i><b> <\/b>Hier k\u00f6nnen unsere Nachwuchstalente ihre Begeisterung f\u00fcr Jazz, Rock und moderne Musik entfalten.<br><em><b>Jugendorchester &#8222;ton.ika&#8220;:<\/b><\/em> Ein Orchester, in dem junge Musikerinnen und Musiker gemeinsam klassische St\u00fccke zum Leben erwecken.<\/p>\n<p><!-- \/wp:paragraph --><\/p>\n<p><!-- wp:paragraph --><\/p>\n<h4><strong>Mittel-\/Oberstufe (8.-13. Klasse)<\/strong><\/h4>\n<p><em><b>Gro\u00dfer Chor:<\/b><\/em> Gemeinsam mit erfahrenen Chors\u00e4ngerinnen und -s\u00e4ngern erleben die Sch\u00fclerinnen und Sch\u00fcler die Faszination gro\u00dfer Chorwerke.<br><em><b>NKG Big Band:<\/b><\/em><b> <\/b>Die Big Band bietet Raum f\u00fcr Jazzliebhaber und Rockmusiker. In Zusammenarbeit mit Professionellen Musikern wird die kreative Auseinandersetzung mit diesen Musikstilen gef\u00f6rdert.<br><em><b>Sinfonieorchester:<\/b> <\/em>Gemeinsam interpretieren die Sch\u00fclerinnen und Sch\u00fcler anspruchsvolle sinfonische Werke und entwickeln ihr musikalisches K\u00f6nnen weiter. Dabei werden Sie von Profimuskern unseres Patenorchesters, dem Philharmonischen Orchester der Stadt Ulm, unterst\u00fctzt.<\/p>\n<p><!-- \/wp:paragraph --><\/p>\n<p><!-- wp:paragraph --><\/p>\n<h4><strong>Kooperationen und Netzwerk<\/strong><\/h4>\n<p>Durch Kooperationen mit renommierten Musikinstitutionen der Region bieten wir unseren Sch\u00fclerinnen und Sch\u00fclern die M\u00f6glichkeit, an Wettbewerben, Konzerten und Workshops teilzunehmen, um ihre musikalischen Horizonte zu erweitern. Dazu pflegten wir eine enge<br>Kooperation mit den Musikschulen in&nbsp;<a href=\"https:\/\/musikschule-weissenhorn.de\/\" target=\"_blank\">Wei\u00dfenhorn<\/a>,&nbsp;<a href=\"https:\/\/www.musik-senden.de\/\" target=\"_blank\">Senden<\/a>,&nbsp;<a href=\"https:\/\/www.musikschule-dreiklang-vbi.de\/\" target=\"_blank\">V\u00f6hringen\/Illertissen<\/a>,&nbsp;<a href=\"https:\/\/nu.neu-ulm.de\/buerger-service\/bildung\/musikschule\/\" target=\"_blank\">Neu-Ulm<\/a>&nbsp;und dem&nbsp;<a href=\"https:\/\/www.theater-ulm.de\/theater\/ensemble\/p-musiktheater\" target=\"_blank\">Philharmonischen Orchester der Stadt Ulm<\/a>.<\/p>\n<p><!-- \/wp:paragraph --><\/p>\n<p><!-- wp:paragraph --><\/p>\n<h4><strong>Begabungsst\u00fctzpunkt Kammermusik<\/strong><\/h4>\n<p>Als Begabungsst\u00fctzpunkt f\u00fcr Kammermusik in Nordschwaben f\u00f6rdert das NKG herausragend begabte Sch\u00fclerinnen und Sch\u00fcler, die hier die M\u00f6glichkeit haben, ihre musikalischen F\u00e4higkeiten weiterzuentwickeln.<\/p>\n<p><!-- \/wp:paragraph --><\/p>\n<p><!-- wp:paragraph --><\/p>\n<p>Wir laden Sie herzlich ein, die musikalische Vielfalt und Qualit\u00e4t am Nikolaus-Kopernikus-Gymnasium zu erleben und freuen uns auf Ihr Interesse!<\/p>\n<p>Bei Fragen stehen wir Ihnen gerne zur Verf\u00fcgung<\/p>\n<p><!-- \/wp:spacer --><\/p>\t\t\t\t\t\t\t\t<\/div>\n\t\t\t\t<\/div>\n\t\t\t\t\t<\/div>\n\t\t<\/div>\n\t\t\t\t\t<\/div>\n\t\t<\/section>\n\t\t\t\t<section class=\"elementor-section elementor-top-section elementor-element elementor-element-489a9fd elementor-section-boxed elementor-section-height-default elementor-section-height-default\" data-id=\"489a9fd\" data-element_type=\"section\" data-e-type=\"section\">\n\t\t\t\t\t\t<div class=\"elementor-container elementor-column-gap-default\">\n\t\t\t\t\t<div class=\"elementor-column elementor-col-100 elementor-top-column elementor-element elementor-element-0059503\" data-id=\"0059503\" data-element_type=\"column\" data-e-type=\"column\">\n\t\t\t<div class=\"elementor-widget-wrap elementor-element-populated\">\n\t\t\t\t\t\t<div class=\"elementor-element elementor-element-8bb4ba3 elementor-widget elementor-widget-wpzoom-elementor-addons-carousel\" data-id=\"8bb4ba3\" data-element_type=\"widget\" data-e-type=\"widget\" data-settings=\"{&quot;slides_to_show&quot;:&quot;3&quot;,&quot;animation_speed&quot;:300,&quot;autoplay&quot;:&quot;yes&quot;,&quot;autoplay_speed&quot;:3000,&quot;loop&quot;:&quot;yes&quot;,&quot;navigation&quot;:&quot;arrow&quot;,&quot;slides_to_show_tablet&quot;:3,&quot;slides_to_show_mobile&quot;:2}\" data-widget_type=\"wpzoom-elementor-addons-carousel.default\">\n\t\t\t\t<div class=\"elementor-widget-container\">\n\t\t\t\t\t<div class=\"wpzjs-slick wpz-slick wpz-slick--carousel\">\n\n\t\t\t\n\t\t\t\t<div class=\"wpz-slick-slide\">\n\t\t\t\t\t<div class=\"wpz-slick-item\">\n\t\t\t\t\t\t\t\t\t\t\t\t\t<img decoding=\"async\" class=\"wpz-slick-img\" src=\"https:\/\/nikolaus-kopernikus-gymnasium.de\/nkgweb\/wp-content\/uploads\/19-04-06-Fruehlingskonzert-26-1024x638.jpg\" alt=\"\">\n\t\t\t\t\t\t\n\t\t\t\t\t\t\t\t\t\t\t<\/div>\n\t\t\t\t<\/div>\n\n\t\t\t\n\t\t\t\t<div class=\"wpz-slick-slide\">\n\t\t\t\t\t<div class=\"wpz-slick-item\">\n\t\t\t\t\t\t\t\t\t\t\t\t\t<img decoding=\"async\" class=\"wpz-slick-img\" src=\"https:\/\/nikolaus-kopernikus-gymnasium.de\/nkgweb\/wp-content\/uploads\/DSC_2000-1024x683.jpg\" alt=\"\">\n\t\t\t\t\t\t\n\t\t\t\t\t\t\t\t\t\t\t<\/div>\n\t\t\t\t<\/div>\n\n\t\t\t\n\t\t\t\t<div class=\"wpz-slick-slide\">\n\t\t\t\t\t<div class=\"wpz-slick-item\">\n\t\t\t\t\t\t\t\t\t\t\t\t\t<img decoding=\"async\" class=\"wpz-slick-img\" src=\"https:\/\/nikolaus-kopernikus-gymnasium.de\/nkgweb\/wp-content\/uploads\/IMG_3462-scaled-e1698479823915-1024x616.jpg\" alt=\"\">\n\t\t\t\t\t\t\n\t\t\t\t\t\t\t\t\t\t\t<\/div>\n\t\t\t\t<\/div>\n\n\t\t\t\n\t\t\t\t<div class=\"wpz-slick-slide\">\n\t\t\t\t\t<div class=\"wpz-slick-item\">\n\t\t\t\t\t\t\t\t\t\t\t\t\t<img decoding=\"async\" class=\"wpz-slick-img\" src=\"https:\/\/nikolaus-kopernikus-gymnasium.de\/nkgweb\/wp-content\/uploads\/DSC_1769-1024x683.jpg\" alt=\"\">\n\t\t\t\t\t\t\n\t\t\t\t\t\t\t\t\t\t\t<\/div>\n\t\t\t\t<\/div>\n\n\t\t\t\n\t\t\t\t<div class=\"wpz-slick-slide\">\n\t\t\t\t\t<div class=\"wpz-slick-item\">\n\t\t\t\t\t\t\t\t\t\t\t\t\t<img decoding=\"async\" class=\"wpz-slick-img\" src=\"https:\/\/nikolaus-kopernikus-gymnasium.de\/nkgweb\/wp-content\/uploads\/20230924_184921-1024x768.jpg\" alt=\"Wettbewerb STIP 2023 - Urkunde\">\n\t\t\t\t\t\t\n\t\t\t\t\t\t\t\t\t\t\t<\/div>\n\t\t\t\t<\/div>\n\n\t\t\t\n\t\t\t\t<div class=\"wpz-slick-slide\">\n\t\t\t\t\t<div class=\"wpz-slick-item\">\n\t\t\t\t\t\t\t\t\t\t\t\t\t<img decoding=\"async\" class=\"wpz-slick-img\" src=\"https:\/\/nikolaus-kopernikus-gymnasium.de\/nkgweb\/wp-content\/uploads\/IMG_2633-1024x575.jpg\" alt=\"\">\n\t\t\t\t\t\t\n\t\t\t\t\t\t\t\t\t\t\t<\/div>\n\t\t\t\t<\/div>\n\n\t\t\t\n\t\t<\/div>\n\n\t\t\t\t\t<button type=\"button\" class=\"slick-prev\"><i aria-hidden=\"true\" class=\"fas fa-chevron-left\"><\/i><\/button>\n\t\t\n\t\t\t\t\t<button type=\"button\" class=\"slick-next\"><i aria-hidden=\"true\" class=\"fas fa-chevron-right\"><\/i><\/button>\n\t\t\n\t\t\t\t\t\t<\/div>\n\t\t\t\t<\/div>\n\t\t\t\t\t<\/div>\n\t\t<\/div>\n\t\t\t\t\t<\/div>\n\t\t<\/section>\n\t\t\t\t<section class=\"elementor-section elementor-top-section elementor-element elementor-element-32cb267 elementor-section-boxed elementor-section-height-default elementor-section-height-default\" data-id=\"32cb267\" data-element_type=\"section\" data-e-type=\"section\">\n\t\t\t\t\t\t<div class=\"elementor-container elementor-column-gap-default\">\n\t\t\t\t\t<div class=\"elementor-column elementor-col-100 elementor-top-column elementor-element elementor-element-aa0e540\" data-id=\"aa0e540\" data-element_type=\"column\" data-e-type=\"column\">\n\t\t\t<div class=\"elementor-widget-wrap elementor-element-populated\">\n\t\t\t\t\t\t<div class=\"elementor-element elementor-element-4a4287c elementor-widget elementor-widget-spacer\" data-id=\"4a4287c\" data-element_type=\"widget\" data-e-type=\"widget\" data-widget_type=\"spacer.default\">\n\t\t\t\t<div class=\"elementor-widget-container\">\n\t\t\t\t\t\t\t<div class=\"elementor-spacer\">\n\t\t\t<div class=\"elementor-spacer-inner\"><\/div>\n\t\t<\/div>\n\t\t\t\t\t\t<\/div>\n\t\t\t\t<\/div>\n\t\t\t\t\t<\/div>\n\t\t<\/div>\n\t\t\t\t\t<\/div>\n\t\t<\/section>\n\t\t\t\t<section class=\"elementor-section elementor-top-section elementor-element elementor-element-2173c0f elementor-section-boxed elementor-section-height-default elementor-section-height-default\" data-id=\"2173c0f\" data-element_type=\"section\" data-e-type=\"section\">\n\t\t\t\t\t\t<div class=\"elementor-container elementor-column-gap-default\">\n\t\t\t\t\t<div class=\"elementor-column elementor-col-100 elementor-top-column elementor-element elementor-element-c1bf055\" data-id=\"c1bf055\" data-element_type=\"column\" data-e-type=\"column\">\n\t\t\t<div class=\"elementor-widget-wrap elementor-element-populated\">\n\t\t\t\t\t\t<div class=\"elementor-element elementor-element-73f5565 elementor-widget elementor-widget-text-editor\" data-id=\"73f5565\" data-element_type=\"widget\" data-e-type=\"widget\" data-widget_type=\"text-editor.default\">\n\t\t\t\t<div class=\"elementor-widget-container\">\n\t\t\t\t\t\t\t\t\t<p><em>Dominik Klein<\/em><\/p>\t\t\t\t\t\t\t\t<\/div>\n\t\t\t\t<\/div>\n\t\t\t\t\t<\/div>\n\t\t<\/div>\n\t\t\t\t\t<\/div>\n\t\t<\/section>\n\t\t\t\t<section class=\"elementor-section elementor-top-section elementor-element elementor-element-c53585a elementor-section-boxed elementor-section-height-default elementor-section-height-default\" data-id=\"c53585a\" data-element_type=\"section\" data-e-type=\"section\">\n\t\t\t\t\t\t<div class=\"elementor-container elementor-column-gap-default\">\n\t\t\t\t\t<div class=\"elementor-column elementor-col-100 elementor-top-column elementor-element elementor-element-518eebe\" data-id=\"518eebe\" data-element_type=\"column\" data-e-type=\"column\">\n\t\t\t<div class=\"elementor-widget-wrap elementor-element-populated\">\n\t\t\t\t\t\t<div class=\"elementor-element elementor-element-f74a5cc elementor-widget elementor-widget-spacer\" data-id=\"f74a5cc\" data-element_type=\"widget\" data-e-type=\"widget\" data-widget_type=\"spacer.default\">\n\t\t\t\t<div class=\"elementor-widget-container\">\n\t\t\t\t\t\t\t<div class=\"elementor-spacer\">\n\t\t\t<div class=\"elementor-spacer-inner\"><\/div>\n\t\t<\/div>\n\t\t\t\t\t\t<\/div>\n\t\t\t\t<\/div>\n\t\t\t\t\t<\/div>\n\t\t<\/div>\n\t\t\t\t\t<\/div>\n\t\t<\/section>\n\t\t\t\t<\/div>\n\t\t","protected":false},"excerpt":{"rendered":"<p>Musik Herzlich willkommen auf der Internetseite des Fachbereichs Musik am Nikolaus-Kopernikus-Gymnasium, dem einzigen Gymnasium mit musischer Ausbildungsrichtung im Landkreis Neu-Ulm, Bayern! Tauchen Sie ein in unsere musische Welt, die von der 5. bis zur 13. Klasse eineumfassende Pers\u00f6nlichkeitsbildung durch Musik, Kunst, Deutsch und Sport f\u00f6rdert. Lehrplan und Curriculum Das Fach Musik bietet nicht nur einen &hellip; <\/p>\n<p class=\"link-more\"><a href=\"https:\/\/nikolaus-kopernikus-gymnasium.de\/nkgweb\/index.php\/musik\/\" class=\"more-link\">Mehr <span class=\"screen-reader-text\">\u00fcber &#8222;Musik&#8220; <\/span>Lesen<\/a><\/p>\n","protected":false},"author":6,"featured_media":3444,"parent":0,"menu_order":0,"comment_status":"closed","ping_status":"closed","template":"","meta":{"inspiro_hide_title":false,"footnotes":""},"class_list":["post-3453","page","type-page","status-publish","has-post-thumbnail","hentry"],"_links":{"self":[{"href":"https:\/\/nikolaus-kopernikus-gymnasium.de\/nkgweb\/index.php\/wp-json\/wp\/v2\/pages\/3453","targetHints":{"allow":["GET"]}}],"collection":[{"href":"https:\/\/nikolaus-kopernikus-gymnasium.de\/nkgweb\/index.php\/wp-json\/wp\/v2\/pages"}],"about":[{"href":"https:\/\/nikolaus-kopernikus-gymnasium.de\/nkgweb\/index.php\/wp-json\/wp\/v2\/types\/page"}],"author":[{"embeddable":true,"href":"https:\/\/nikolaus-kopernikus-gymnasium.de\/nkgweb\/index.php\/wp-json\/wp\/v2\/users\/6"}],"replies":[{"embeddable":true,"href":"https:\/\/nikolaus-kopernikus-gymnasium.de\/nkgweb\/index.php\/wp-json\/wp\/v2\/comments?post=3453"}],"version-history":[{"count":22,"href":"https:\/\/nikolaus-kopernikus-gymnasium.de\/nkgweb\/index.php\/wp-json\/wp\/v2\/pages\/3453\/revisions"}],"predecessor-version":[{"id":5783,"href":"https:\/\/nikolaus-kopernikus-gymnasium.de\/nkgweb\/index.php\/wp-json\/wp\/v2\/pages\/3453\/revisions\/5783"}],"wp:featuredmedia":[{"embeddable":true,"href":"https:\/\/nikolaus-kopernikus-gymnasium.de\/nkgweb\/index.php\/wp-json\/wp\/v2\/media\/3444"}],"wp:attachment":[{"href":"https:\/\/nikolaus-kopernikus-gymnasium.de\/nkgweb\/index.php\/wp-json\/wp\/v2\/media?parent=3453"}],"curies":[{"name":"wp","href":"https:\/\/api.w.org\/{rel}","templated":true}]}}