{"id":3214,"date":"2024-01-25T08:54:11","date_gmt":"2024-01-25T07:54:11","guid":{"rendered":"https:\/\/nikolaus-kopernikus-gymnasium.de\/nkgweb\/?page_id=3214"},"modified":"2025-09-23T11:46:05","modified_gmt":"2025-09-23T10:46:05","slug":"mathematik","status":"publish","type":"page","link":"https:\/\/nikolaus-kopernikus-gymnasium.de\/nkgweb\/index.php\/mathematik\/","title":{"rendered":"Mathematik"},"content":{"rendered":"\t\t<div data-elementor-type=\"wp-page\" data-elementor-id=\"3214\" class=\"elementor elementor-3214\">\n\t\t\t\t\t\t<section class=\"elementor-section elementor-top-section elementor-element elementor-element-a8e2483 elementor-section-boxed elementor-section-height-default elementor-section-height-default\" data-id=\"a8e2483\" data-element_type=\"section\" data-e-type=\"section\">\n\t\t\t\t\t\t<div class=\"elementor-container elementor-column-gap-default\">\n\t\t\t\t\t<div class=\"elementor-column elementor-col-100 elementor-top-column elementor-element elementor-element-4d14954\" data-id=\"4d14954\" data-element_type=\"column\" data-e-type=\"column\">\n\t\t\t<div class=\"elementor-widget-wrap elementor-element-populated\">\n\t\t\t\t\t\t<div class=\"elementor-element elementor-element-c9fccb2 elementor-widget elementor-widget-heading\" data-id=\"c9fccb2\" data-element_type=\"widget\" data-e-type=\"widget\" data-widget_type=\"heading.default\">\n\t\t\t\t<div class=\"elementor-widget-container\">\n\t\t\t\t\t<h2 class=\"elementor-heading-title elementor-size-default\">Mathematik<\/h2>\t\t\t\t<\/div>\n\t\t\t\t<\/div>\n\t\t\t\t\t<\/div>\n\t\t<\/div>\n\t\t\t\t\t<\/div>\n\t\t<\/section>\n\t\t\t\t<section class=\"elementor-section elementor-top-section elementor-element elementor-element-e712321 elementor-section-boxed elementor-section-height-default elementor-section-height-default\" data-id=\"e712321\" data-element_type=\"section\" data-e-type=\"section\">\n\t\t\t\t\t\t<div class=\"elementor-container elementor-column-gap-default\">\n\t\t\t\t\t<div class=\"elementor-column elementor-col-100 elementor-top-column elementor-element elementor-element-ac302f0\" data-id=\"ac302f0\" data-element_type=\"column\" data-e-type=\"column\">\n\t\t\t<div class=\"elementor-widget-wrap elementor-element-populated\">\n\t\t\t\t\t\t<div class=\"elementor-element elementor-element-32931c2 elementor-widget elementor-widget-text-editor\" data-id=\"32931c2\" data-element_type=\"widget\" data-e-type=\"widget\" data-widget_type=\"text-editor.default\">\n\t\t\t\t<div class=\"elementor-widget-container\">\n\t\t\t\t\t\t\t\t\t<p>Muss Mathematik vorgestellt werden? Mit Prozentrechnen, den Satz des Pythagoras, die Kongruenzs\u00e4tze, Funktionen, Satz von Thales und vieles mehr hat jeder seine eigenen Erinnerungen. Die Mathematik kommt in vielz\u00e4hligen Bereichen des Alltags vor und ist in unserer heutigen Welt nicht mehr wegzudenken. Neben dem Erwerb mathematischer F\u00e4higkeiten z\u00e4hlen das Erlernen von Probleml\u00f6sef\u00e4higkeiten in vielf\u00e4ltigster Form als zentrales Ziel des Mathematikunterrichts.<\/p>\n<p>Auf dieser Seite m\u00f6chten wir das Fach Mathematik und die Besonderheiten des Mathematikunterrichts am NKG vorstellen. Hier finden Sie das Grundwissen der Klassen 5 bis 11 im G9, Informationen zum Mathematikunterricht, zum Schulbuch und zu den Apps GeoGebra und Mathegym.&nbsp; &nbsp;&nbsp;<\/p>\t\t\t\t\t\t\t\t<\/div>\n\t\t\t\t<\/div>\n\t\t\t\t\t<\/div>\n\t\t<\/div>\n\t\t\t\t\t<\/div>\n\t\t<\/section>\n\t\t\t\t<section class=\"elementor-section elementor-top-section elementor-element elementor-element-4814372 elementor-section-boxed elementor-section-height-default elementor-section-height-default\" data-id=\"4814372\" data-element_type=\"section\" data-e-type=\"section\" data-settings=\"{&quot;background_background&quot;:&quot;gradient&quot;}\">\n\t\t\t\t\t\t<div class=\"elementor-container elementor-column-gap-default\">\n\t\t\t\t\t<div class=\"elementor-column elementor-col-100 elementor-top-column elementor-element elementor-element-2f9c672\" data-id=\"2f9c672\" data-element_type=\"column\" data-e-type=\"column\">\n\t\t\t<div class=\"elementor-widget-wrap elementor-element-populated\">\n\t\t\t\t\t\t<div class=\"elementor-element elementor-element-f1199b2 elementor-widget elementor-widget-text-editor\" data-id=\"f1199b2\" data-element_type=\"widget\" data-e-type=\"widget\" data-widget_type=\"text-editor.default\">\n\t\t\t\t<div class=\"elementor-widget-container\">\n\t\t\t\t\t\t\t\t\t<p><strong>Grundwissen:<\/strong><\/p><p>Hilfreich als Nachschlagewerk, n\u00fctzlich zur Vorbereitung auf schulinterne Grundwissenstests oder die landesweiten BMTs.<\/p><ul><li><a href=\"https:\/\/nikolaus-kopernikus-gymnasium.de\/nkgweb\/wp-content\/uploads\/GW-Mathe-5-2025.pdf\" target=\"_blank\" rel=\"noopener\">Klasse 5<\/a><\/li><li><a href=\"https:\/\/nikolaus-kopernikus-gymnasium.de\/nkgweb\/wp-content\/uploads\/GW-Mathe-06-2025.pdf\" target=\"_blank\" rel=\"noopener\">Klasse 6<\/a><\/li><li><a href=\"https:\/\/nikolaus-kopernikus-gymnasium.de\/nkgweb\/wp-content\/uploads\/GW-Mathe-07-2025.pdf\" target=\"_blank\" rel=\"noopener\">Klasse 7<\/a><\/li><li><a href=\"https:\/\/nikolaus-kopernikus-gymnasium.de\/nkgweb\/wp-content\/uploads\/GW-Mathe-08-2025-1.pdf\" target=\"_blank\" rel=\"noopener\">Klasse 8<\/a><\/li><li><a href=\"https:\/\/nikolaus-kopernikus-gymnasium.de\/nkgweb\/wp-content\/uploads\/GW-Mathe-09-2025.pdf\" target=\"_blank\" rel=\"noopener\">Klasse 9<\/a><\/li><li><a href=\"https:\/\/nikolaus-kopernikus-gymnasium.de\/nkgweb\/wp-content\/uploads\/GW-Mathe-10-neu-G9-Koeh_2.pdf\" target=\"_blank\" rel=\"noopener\">Klasse 10<\/a><\/li><li><a href=\"https:\/\/nikolaus-kopernikus-gymnasium.de\/nkgweb\/wp-content\/uploads\/GW-Mathe-11-2025.pdf\" target=\"_blank\" rel=\"noopener\">Klasse 11<\/a><\/li><\/ul>\t\t\t\t\t\t\t\t<\/div>\n\t\t\t\t<\/div>\n\t\t\t\t\t<\/div>\n\t\t<\/div>\n\t\t\t\t\t<\/div>\n\t\t<\/section>\n\t\t\t\t<section class=\"elementor-section elementor-top-section elementor-element elementor-element-193d2e0 elementor-section-boxed elementor-section-height-default elementor-section-height-default\" data-id=\"193d2e0\" data-element_type=\"section\" data-e-type=\"section\">\n\t\t\t\t\t\t<div class=\"elementor-container elementor-column-gap-default\">\n\t\t\t\t\t<div class=\"elementor-column elementor-col-100 elementor-top-column elementor-element elementor-element-74d3df0\" data-id=\"74d3df0\" data-element_type=\"column\" data-e-type=\"column\">\n\t\t\t<div class=\"elementor-widget-wrap elementor-element-populated\">\n\t\t\t\t\t\t<div class=\"elementor-element elementor-element-516b747 elementor-widget elementor-widget-text-editor\" data-id=\"516b747\" data-element_type=\"widget\" data-e-type=\"widget\" data-widget_type=\"text-editor.default\">\n\t\t\t\t<div class=\"elementor-widget-container\">\n\t\t\t\t\t\t\t\t\t<p><strong>Mathematik, Schulb\u00fccher und Apps:<\/strong><\/p><p>Unser <strong>Schulbuch<\/strong> ist Lambacher Schweizer vom Klett-Verlag. Am Ende der 7. Klasse wird der <strong>Taschenrechner<\/strong> eingef\u00fchrt und verwendet.<\/p><p>F\u00fcr Interessierte bieten wir einen <strong>Mathe-Plus-Kurs<\/strong> an, in dem sich jeder Sch\u00fcler und jede Sch\u00fclerin individuell mit Materialien wie z.B. Logiktraining besch\u00e4ftigen oder bei Wettbewerben wie Landeswettbewerb, Matheolympiade, Pangea, K\u00e4nguru teilnehmen kann.<\/p><p>F\u00fcr leistungsschw\u00e4chere Sch\u00fclerinnen und Sch\u00fcler bieten wir <strong>F\u00f6rderkurse<\/strong> an, die von Fachlehrern geleitet werden. Hier gehen wir auf individuelle Schwierigkeiten ein und erg\u00e4nzen durch gezielte \u00dcbungen den regul\u00e4ren Unterricht.<\/p><p><strong>GeoGebra<\/strong>: Die App GeoGebra ist an unserer Schule ein wichtiges Werkzeug im Mathematikunterricht. Sie ist ein sehr anschauliches Hilfsmittel zur Darstellung von Tabellen, Funktionsgraphen und geometrischen Figuren bzw. K\u00f6rpern.<\/p><p><strong>Mathegym<\/strong>: Mit dieser digitalen Aufgabensammlung unterst\u00fctzt uns der Elternbeirat. Sie beinhaltet viele motivierende \u00dcbungen zu jeder Klassenstufe und zu jedem Thema. Die Anmeldung erfolgt \u00fcber das Sekretariat.<\/p>\t\t\t\t\t\t\t\t<\/div>\n\t\t\t\t<\/div>\n\t\t\t\t\t<\/div>\n\t\t<\/div>\n\t\t\t\t\t<\/div>\n\t\t<\/section>\n\t\t\t\t<section class=\"elementor-section elementor-top-section elementor-element elementor-element-eae81cd elementor-section-boxed elementor-section-height-default elementor-section-height-default\" data-id=\"eae81cd\" data-element_type=\"section\" data-e-type=\"section\">\n\t\t\t\t\t\t<div class=\"elementor-container elementor-column-gap-default\">\n\t\t\t\t\t<div class=\"elementor-column elementor-col-100 elementor-top-column elementor-element elementor-element-2f336e2\" data-id=\"2f336e2\" data-element_type=\"column\" data-e-type=\"column\">\n\t\t\t<div class=\"elementor-widget-wrap elementor-element-populated\">\n\t\t\t\t\t\t<div class=\"elementor-element elementor-element-bc48fcf elementor-widget elementor-widget-text-editor\" data-id=\"bc48fcf\" data-element_type=\"widget\" data-e-type=\"widget\" data-widget_type=\"text-editor.default\">\n\t\t\t\t<div class=\"elementor-widget-container\">\n\t\t\t\t\t\t\t\t\t<p>Viel Vergn\u00fcgen!\u00a0<\/p>\t\t\t\t\t\t\t\t<\/div>\n\t\t\t\t<\/div>\n\t\t\t\t\t<\/div>\n\t\t<\/div>\n\t\t\t\t\t<\/div>\n\t\t<\/section>\n\t\t\t\t<section class=\"elementor-section elementor-top-section elementor-element elementor-element-2ed0099 elementor-section-boxed elementor-section-height-default elementor-section-height-default\" data-id=\"2ed0099\" data-element_type=\"section\" data-e-type=\"section\">\n\t\t\t\t\t\t<div class=\"elementor-container elementor-column-gap-default\">\n\t\t\t\t\t<div class=\"elementor-column elementor-col-100 elementor-top-column elementor-element elementor-element-432682c\" data-id=\"432682c\" data-element_type=\"column\" data-e-type=\"column\">\n\t\t\t<div class=\"elementor-widget-wrap elementor-element-populated\">\n\t\t\t\t\t\t<div class=\"elementor-element elementor-element-eddcdd0 elementor-widget elementor-widget-text-editor\" data-id=\"eddcdd0\" data-element_type=\"widget\" data-e-type=\"widget\" data-widget_type=\"text-editor.default\">\n\t\t\t\t<div class=\"elementor-widget-container\">\n\t\t\t\t\t\t\t\t\t<p><em>Simone Breins<\/em><\/p>\t\t\t\t\t\t\t\t<\/div>\n\t\t\t\t<\/div>\n\t\t\t\t\t<\/div>\n\t\t<\/div>\n\t\t\t\t\t<\/div>\n\t\t<\/section>\n\t\t\t\t<section class=\"elementor-section elementor-top-section elementor-element elementor-element-838d9a7 elementor-section-boxed elementor-section-height-default elementor-section-height-default\" data-id=\"838d9a7\" data-element_type=\"section\" data-e-type=\"section\">\n\t\t\t\t\t\t<div class=\"elementor-container elementor-column-gap-default\">\n\t\t\t\t\t<div class=\"elementor-column elementor-col-100 elementor-top-column elementor-element elementor-element-0394f2a\" data-id=\"0394f2a\" data-element_type=\"column\" data-e-type=\"column\">\n\t\t\t<div class=\"elementor-widget-wrap elementor-element-populated\">\n\t\t\t\t\t\t<div class=\"elementor-element elementor-element-2f07cc6 elementor-widget elementor-widget-spacer\" data-id=\"2f07cc6\" data-element_type=\"widget\" data-e-type=\"widget\" data-widget_type=\"spacer.default\">\n\t\t\t\t<div class=\"elementor-widget-container\">\n\t\t\t\t\t\t\t<div class=\"elementor-spacer\">\n\t\t\t<div class=\"elementor-spacer-inner\"><\/div>\n\t\t<\/div>\n\t\t\t\t\t\t<\/div>\n\t\t\t\t<\/div>\n\t\t\t\t\t<\/div>\n\t\t<\/div>\n\t\t\t\t\t<\/div>\n\t\t<\/section>\n\t\t\t\t<\/div>\n\t\t","protected":false},"excerpt":{"rendered":"<p>Mathematik Muss Mathematik vorgestellt werden? Mit Prozentrechnen, den Satz des Pythagoras, die Kongruenzs\u00e4tze, Funktionen, Satz von Thales und vieles mehr hat jeder seine eigenen Erinnerungen. Die Mathematik kommt in vielz\u00e4hligen Bereichen des Alltags vor und ist in unserer heutigen Welt nicht mehr wegzudenken. Neben dem Erwerb mathematischer F\u00e4higkeiten z\u00e4hlen das Erlernen von Probleml\u00f6sef\u00e4higkeiten in vielf\u00e4ltigster &hellip; <\/p>\n<p class=\"link-more\"><a href=\"https:\/\/nikolaus-kopernikus-gymnasium.de\/nkgweb\/index.php\/mathematik\/\" class=\"more-link\">Mehr <span class=\"screen-reader-text\">\u00fcber &#8222;Mathematik&#8220; <\/span>Lesen<\/a><\/p>\n","protected":false},"author":6,"featured_media":3244,"parent":0,"menu_order":0,"comment_status":"closed","ping_status":"closed","template":"","meta":{"inspiro_hide_title":false,"footnotes":""},"class_list":["post-3214","page","type-page","status-publish","has-post-thumbnail","hentry"],"_links":{"self":[{"href":"https:\/\/nikolaus-kopernikus-gymnasium.de\/nkgweb\/index.php\/wp-json\/wp\/v2\/pages\/3214","targetHints":{"allow":["GET"]}}],"collection":[{"href":"https:\/\/nikolaus-kopernikus-gymnasium.de\/nkgweb\/index.php\/wp-json\/wp\/v2\/pages"}],"about":[{"href":"https:\/\/nikolaus-kopernikus-gymnasium.de\/nkgweb\/index.php\/wp-json\/wp\/v2\/types\/page"}],"author":[{"embeddable":true,"href":"https:\/\/nikolaus-kopernikus-gymnasium.de\/nkgweb\/index.php\/wp-json\/wp\/v2\/users\/6"}],"replies":[{"embeddable":true,"href":"https:\/\/nikolaus-kopernikus-gymnasium.de\/nkgweb\/index.php\/wp-json\/wp\/v2\/comments?post=3214"}],"version-history":[{"count":58,"href":"https:\/\/nikolaus-kopernikus-gymnasium.de\/nkgweb\/index.php\/wp-json\/wp\/v2\/pages\/3214\/revisions"}],"predecessor-version":[{"id":6685,"href":"https:\/\/nikolaus-kopernikus-gymnasium.de\/nkgweb\/index.php\/wp-json\/wp\/v2\/pages\/3214\/revisions\/6685"}],"wp:featuredmedia":[{"embeddable":true,"href":"https:\/\/nikolaus-kopernikus-gymnasium.de\/nkgweb\/index.php\/wp-json\/wp\/v2\/media\/3244"}],"wp:attachment":[{"href":"https:\/\/nikolaus-kopernikus-gymnasium.de\/nkgweb\/index.php\/wp-json\/wp\/v2\/media?parent=3214"}],"curies":[{"name":"wp","href":"https:\/\/api.w.org\/{rel}","templated":true}]}}