{"id":2833,"date":"2023-11-25T08:35:20","date_gmt":"2023-11-25T07:35:20","guid":{"rendered":"https:\/\/nikolaus-kopernikus-gymnasium.de\/nkgweb\/?page_id=2833"},"modified":"2025-05-21T07:15:14","modified_gmt":"2025-05-21T06:15:14","slug":"elternbeirat","status":"publish","type":"page","link":"https:\/\/nikolaus-kopernikus-gymnasium.de\/nkgweb\/index.php\/elternbeirat\/","title":{"rendered":"Elternbeirat"},"content":{"rendered":"\t\t<div data-elementor-type=\"wp-page\" data-elementor-id=\"2833\" class=\"elementor elementor-2833\">\n\t\t\t\t\t\t<section class=\"elementor-section elementor-top-section elementor-element elementor-element-4ea390e elementor-section-boxed elementor-section-height-default elementor-section-height-default\" data-id=\"4ea390e\" data-element_type=\"section\" data-e-type=\"section\">\n\t\t\t\t\t\t<div class=\"elementor-container elementor-column-gap-default\">\n\t\t\t\t\t<div class=\"elementor-column elementor-col-100 elementor-top-column elementor-element elementor-element-3fcb8bd\" data-id=\"3fcb8bd\" data-element_type=\"column\" data-e-type=\"column\">\n\t\t\t<div class=\"elementor-widget-wrap elementor-element-populated\">\n\t\t\t\t\t\t<div class=\"elementor-element elementor-element-cf049e5 elementor-widget elementor-widget-heading\" data-id=\"cf049e5\" data-element_type=\"widget\" data-e-type=\"widget\" data-widget_type=\"heading.default\">\n\t\t\t\t<div class=\"elementor-widget-container\">\n\t\t\t\t\t<h2 class=\"elementor-heading-title elementor-size-default\">Elternbeirat<\/h2>\t\t\t\t<\/div>\n\t\t\t\t<\/div>\n\t\t\t\t\t<\/div>\n\t\t<\/div>\n\t\t\t\t\t<\/div>\n\t\t<\/section>\n\t\t\t\t<section class=\"elementor-section elementor-top-section elementor-element elementor-element-33321f9 elementor-section-boxed elementor-section-height-default elementor-section-height-default\" data-id=\"33321f9\" data-element_type=\"section\" data-e-type=\"section\">\n\t\t\t\t\t\t<div class=\"elementor-container elementor-column-gap-default\">\n\t\t\t\t\t<div class=\"elementor-column elementor-col-100 elementor-top-column elementor-element elementor-element-ae474ea\" data-id=\"ae474ea\" data-element_type=\"column\" data-e-type=\"column\">\n\t\t\t<div class=\"elementor-widget-wrap elementor-element-populated\">\n\t\t\t\t\t\t<div class=\"elementor-element elementor-element-6e5c7d8 elementor-widget elementor-widget-text-editor\" data-id=\"6e5c7d8\" data-element_type=\"widget\" data-e-type=\"widget\" data-widget_type=\"text-editor.default\">\n\t\t\t\t<div class=\"elementor-widget-container\">\n\t\t\t\t\t\t\t\t\t<p>Sehr geehrte Eltern,<\/p>\n<p><!-- \/wp:paragraph --><!-- wp:paragraph --><\/p>\n<p>willkommen auf der Seite des Elternbeirats des Nikolaus-Kopernikus-Gymnasium. Wir, der Elternbeirat 2024 \u2013 2026, bedanken uns herzlich f\u00fcr Ihr Vertrauen bei der Beiratswahl. Mit unserer konstituierenden Sitzung sind wir nun in die neue Amtszeit gestartet und haben wieder viel vor.<\/p>\n<p><!-- \/wp:paragraph --><!-- wp:paragraph --><\/p>\n<p>Der Elternbeirat fungiert als Schnittstelle der Eltern zu Schule, Lehrkr\u00e4ften und Schulleitung. F\u00fcr eine gute Zusammenarbeit und ein angenehmes Lernumfeld unserer Kinder machen wir uns stark und bringen Ideen ein.<\/p>\n<p><!-- \/wp:paragraph --><!-- wp:paragraph --><\/p>\n<p>Mit vereinten Kr\u00e4ften k\u00f6nnen wir dank Ihrer Hilfe auch finanzielle Unterst\u00fctzung bei vielerlei Aktionen leisten:<\/p>\n<p><!-- \/wp:paragraph --><!-- wp:paragraph --><\/p>\n<ul>\n<li>Zum Start ihrer Gymnasialzeit erhalten alle unsere F\u00fcnftkl\u00e4ssler und F\u00fcnftkl\u00e4sslerinnen H2O-Trinkflaschen, finanziell bezuschusst durch Ihre Spende bzw. Unterst\u00fctzung &#8211; jedes neue Schuljahr. Den Wandel der Schulzeit beschlie\u00dfen wir dann mit einer Sektspende zur offiziellen Zeugnis\u00fcbergabe an die erfolgreichen Abiturientinnen und Abiturienten.<\/li>\n<li>Die Schulsanit\u00e4terinnen und Schulsanit\u00e4ter d\u00fcrfen sich regelm\u00e4\u00dfig \u00fcber einen Zuschuss f\u00fcr den Erste-Hilfe-Kurs freuen, so auch in den letzten beiden Jahren.<\/li>\n<li>Im F\u00f6rderunterricht f\u00fcr Kinder der Unterstufe leisten die Tutoren und Tutorinnen unserer Schule einen wichtigen Beitrag zum schulischen Erfolg. Sie werden in speziellen Schulungen auf ihr Amt vorbereitet. Wir unterst\u00fctzen diese Schulungen mit Geldern aus Ihren Spenden.<\/li>\n<li>Checkos f\u00fcr unsere Mathe-Gym \u2013 Lizenz! Die Plattform motiviert nachweislich beim Mathe-Pauken. Wir finanzieren vollst\u00e4ndig mit Ihren Spendengeldern diese wertvolle, p\u00e4dagogische Plattform.<\/li>\n<li>Es ist uns ein Anliegen, insbesondere solche Vorhaben verst\u00e4rkt zu unterst\u00fctzen, die allen Sch\u00fclerinnen und Sch\u00fclern zugutekommen. Regelm\u00e4\u00dfig bezuschussen wir daher viele weitere schulische Aktivit\u00e4ten.<\/li>\n<\/ul>\n<p><!-- \/wp:paragraph --><!-- wp:paragraph --><\/p>\n<p>Ihre finanzielle Spendenbereitschaft und auch die Bereitstellung von Fingerfood f\u00fcr Veranstaltungen hat damit einen nicht unwesentlichen Beitrag dazu geleistet, dass unsere Schule eine liebens- und lebenswerte Schule voller Aktivit\u00e4t ist. Wir werden auch weiterhin mit unseren M\u00f6glichkeiten daf\u00fcr Sorge tragen, dass sie das auch bleibt. Jede unterst\u00fctzende Hilfe aus der Elternschaft, von Ihnen &#8211; sei es das pers\u00f6nliche Engagement, die Fingerfood- oder Geldspende &#8211; hilft uns. Herzlichen Dank daf\u00fcr!<\/p>\n<p>Wenn Sie Fragen haben oder Ideen einbringen m\u00f6chten, scheuen Sie sich nicht, Kontakt mit uns aufzunehmen. Per Mail erreichen Sie den Elternbeirat unter: <em>[aktualisierte Mailadresse folgt zeitnah]<\/em>\u00a0oder \u00fcber das Sekretariat.<\/p>\t\t\t\t\t\t\t\t<\/div>\n\t\t\t\t<\/div>\n\t\t\t\t\t<\/div>\n\t\t<\/div>\n\t\t\t\t\t<\/div>\n\t\t<\/section>\n\t\t\t\t<section class=\"elementor-section elementor-top-section elementor-element elementor-element-9b2393a elementor-section-boxed elementor-section-height-default elementor-section-height-default\" data-id=\"9b2393a\" data-element_type=\"section\" data-e-type=\"section\" data-settings=\"{&quot;background_background&quot;:&quot;classic&quot;}\">\n\t\t\t\t\t\t<div class=\"elementor-container elementor-column-gap-default\">\n\t\t\t\t\t<div class=\"elementor-column elementor-col-100 elementor-top-column elementor-element elementor-element-4081776\" data-id=\"4081776\" data-element_type=\"column\" data-e-type=\"column\">\n\t\t\t<div class=\"elementor-widget-wrap elementor-element-populated\">\n\t\t\t\t\t\t<div class=\"elementor-element elementor-element-88a5799 elementor-widget elementor-widget-text-editor\" data-id=\"88a5799\" data-element_type=\"widget\" data-e-type=\"widget\" data-widget_type=\"text-editor.default\">\n\t\t\t\t<div class=\"elementor-widget-container\">\n\t\t\t\t\t\t\t\t\t<p>Und wenn Sie gleich spenden m\u00f6chten:<\/p>\n<p><strong>Unser Spendenkonto bei der Sparkasse Wei\u00dfenhorn: <\/strong><strong>DE59 7305 0000 0430 5343 39<\/strong><\/p>\n<p>Spendenquittungen k\u00f6nnen bei entsprechenden Summen \u00fcber das Sekretariat oder \u00fcber das Landratsamt ausgestellt werden. <\/p>\t\t\t\t\t\t\t\t<\/div>\n\t\t\t\t<\/div>\n\t\t\t\t\t<\/div>\n\t\t<\/div>\n\t\t\t\t\t<\/div>\n\t\t<\/section>\n\t\t\t\t<section class=\"elementor-section elementor-top-section elementor-element elementor-element-afaf625 elementor-section-boxed elementor-section-height-default elementor-section-height-default\" data-id=\"afaf625\" data-element_type=\"section\" data-e-type=\"section\">\n\t\t\t\t\t\t<div class=\"elementor-container elementor-column-gap-default\">\n\t\t\t\t\t<div class=\"elementor-column elementor-col-100 elementor-top-column elementor-element elementor-element-53edf36\" data-id=\"53edf36\" data-element_type=\"column\" data-e-type=\"column\">\n\t\t\t<div class=\"elementor-widget-wrap elementor-element-populated\">\n\t\t\t\t\t\t<div class=\"elementor-element elementor-element-0d9851e elementor-widget elementor-widget-text-editor\" data-id=\"0d9851e\" data-element_type=\"widget\" data-e-type=\"widget\" data-widget_type=\"text-editor.default\">\n\t\t\t\t<div class=\"elementor-widget-container\">\n\t\t\t\t\t\t\t\t\t<p><em>Der Elternbeirat<\/em><\/p>\t\t\t\t\t\t\t\t<\/div>\n\t\t\t\t<\/div>\n\t\t\t\t\t<\/div>\n\t\t<\/div>\n\t\t\t\t\t<\/div>\n\t\t<\/section>\n\t\t\t\t<section class=\"elementor-section elementor-top-section elementor-element elementor-element-42ec32e elementor-section-boxed elementor-section-height-default elementor-section-height-default\" data-id=\"42ec32e\" data-element_type=\"section\" data-e-type=\"section\">\n\t\t\t\t\t\t<div class=\"elementor-container elementor-column-gap-default\">\n\t\t\t\t\t<div class=\"elementor-column elementor-col-100 elementor-top-column elementor-element elementor-element-61eddcb\" data-id=\"61eddcb\" data-element_type=\"column\" data-e-type=\"column\">\n\t\t\t<div class=\"elementor-widget-wrap elementor-element-populated\">\n\t\t\t\t\t\t<div class=\"elementor-element elementor-element-b2f6658 elementor-widget__width-initial elementor-widget elementor-widget-image\" data-id=\"b2f6658\" data-element_type=\"widget\" data-e-type=\"widget\" data-widget_type=\"image.default\">\n\t\t\t\t<div class=\"elementor-widget-container\">\n\t\t\t\t\t\t\t\t\t\t\t\t\t\t\t<img fetchpriority=\"high\" decoding=\"async\" width=\"950\" height=\"661\" src=\"https:\/\/nikolaus-kopernikus-gymnasium.de\/nkgweb\/wp-content\/uploads\/Bild-elternbeirat-1024x713.png\" class=\"attachment-large size-large wp-image-5540\" alt=\"\" srcset=\"https:\/\/nikolaus-kopernikus-gymnasium.de\/nkgweb\/wp-content\/uploads\/Bild-elternbeirat-1024x713.png 1024w, https:\/\/nikolaus-kopernikus-gymnasium.de\/nkgweb\/wp-content\/uploads\/Bild-elternbeirat-300x209.png 300w, https:\/\/nikolaus-kopernikus-gymnasium.de\/nkgweb\/wp-content\/uploads\/Bild-elternbeirat.png 1500w\" sizes=\"100vw\" \/>\t\t\t\t\t\t\t\t\t\t\t\t\t\t\t<\/div>\n\t\t\t\t<\/div>\n\t\t\t\t\t<\/div>\n\t\t<\/div>\n\t\t\t\t\t<\/div>\n\t\t<\/section>\n\t\t\t\t<section class=\"elementor-section elementor-top-section elementor-element elementor-element-e934ede elementor-section-boxed elementor-section-height-default elementor-section-height-default\" data-id=\"e934ede\" data-element_type=\"section\" data-e-type=\"section\">\n\t\t\t\t\t\t<div class=\"elementor-container elementor-column-gap-default\">\n\t\t\t\t\t<div class=\"elementor-column elementor-col-100 elementor-top-column elementor-element elementor-element-a959f69\" data-id=\"a959f69\" data-element_type=\"column\" data-e-type=\"column\">\n\t\t\t<div class=\"elementor-widget-wrap elementor-element-populated\">\n\t\t\t\t\t\t<div class=\"elementor-element elementor-element-786aeee elementor-widget elementor-widget-spacer\" data-id=\"786aeee\" data-element_type=\"widget\" data-e-type=\"widget\" data-widget_type=\"spacer.default\">\n\t\t\t\t<div class=\"elementor-widget-container\">\n\t\t\t\t\t\t\t<div class=\"elementor-spacer\">\n\t\t\t<div class=\"elementor-spacer-inner\"><\/div>\n\t\t<\/div>\n\t\t\t\t\t\t<\/div>\n\t\t\t\t<\/div>\n\t\t\t\t\t<\/div>\n\t\t<\/div>\n\t\t\t\t\t<\/div>\n\t\t<\/section>\n\t\t\t\t<\/div>\n\t\t","protected":false},"excerpt":{"rendered":"<p>Elternbeirat Sehr geehrte Eltern, willkommen auf der Seite des Elternbeirats des Nikolaus-Kopernikus-Gymnasium. Wir, der Elternbeirat 2024 \u2013 2026, bedanken uns herzlich f\u00fcr Ihr Vertrauen bei der Beiratswahl. Mit unserer konstituierenden Sitzung sind wir nun in die neue Amtszeit gestartet und haben wieder viel vor. Der Elternbeirat fungiert als Schnittstelle der Eltern zu Schule, Lehrkr\u00e4ften und &hellip; <\/p>\n<p class=\"link-more\"><a href=\"https:\/\/nikolaus-kopernikus-gymnasium.de\/nkgweb\/index.php\/elternbeirat\/\" class=\"more-link\">Mehr <span class=\"screen-reader-text\">\u00fcber &#8222;Elternbeirat&#8220; <\/span>Lesen<\/a><\/p>\n","protected":false},"author":6,"featured_media":2414,"parent":0,"menu_order":0,"comment_status":"closed","ping_status":"closed","template":"","meta":{"inspiro_hide_title":false,"footnotes":""},"class_list":["post-2833","page","type-page","status-publish","has-post-thumbnail","hentry"],"_links":{"self":[{"href":"https:\/\/nikolaus-kopernikus-gymnasium.de\/nkgweb\/index.php\/wp-json\/wp\/v2\/pages\/2833","targetHints":{"allow":["GET"]}}],"collection":[{"href":"https:\/\/nikolaus-kopernikus-gymnasium.de\/nkgweb\/index.php\/wp-json\/wp\/v2\/pages"}],"about":[{"href":"https:\/\/nikolaus-kopernikus-gymnasium.de\/nkgweb\/index.php\/wp-json\/wp\/v2\/types\/page"}],"author":[{"embeddable":true,"href":"https:\/\/nikolaus-kopernikus-gymnasium.de\/nkgweb\/index.php\/wp-json\/wp\/v2\/users\/6"}],"replies":[{"embeddable":true,"href":"https:\/\/nikolaus-kopernikus-gymnasium.de\/nkgweb\/index.php\/wp-json\/wp\/v2\/comments?post=2833"}],"version-history":[{"count":31,"href":"https:\/\/nikolaus-kopernikus-gymnasium.de\/nkgweb\/index.php\/wp-json\/wp\/v2\/pages\/2833\/revisions"}],"predecessor-version":[{"id":6285,"href":"https:\/\/nikolaus-kopernikus-gymnasium.de\/nkgweb\/index.php\/wp-json\/wp\/v2\/pages\/2833\/revisions\/6285"}],"wp:featuredmedia":[{"embeddable":true,"href":"https:\/\/nikolaus-kopernikus-gymnasium.de\/nkgweb\/index.php\/wp-json\/wp\/v2\/media\/2414"}],"wp:attachment":[{"href":"https:\/\/nikolaus-kopernikus-gymnasium.de\/nkgweb\/index.php\/wp-json\/wp\/v2\/media?parent=2833"}],"curies":[{"name":"wp","href":"https:\/\/api.w.org\/{rel}","templated":true}]}}