{"id":2613,"date":"2023-10-29T07:04:31","date_gmt":"2023-10-29T06:04:31","guid":{"rendered":"https:\/\/nikolaus-kopernikus-gymnasium.de\/nkgweb\/?page_id=2613"},"modified":"2023-12-16T09:17:21","modified_gmt":"2023-12-16T08:17:21","slug":"umweltschule","status":"publish","type":"page","link":"https:\/\/nikolaus-kopernikus-gymnasium.de\/nkgweb\/index.php\/umweltschule\/","title":{"rendered":"Umweltschule"},"content":{"rendered":"\n<h2 class=\"wp-block-heading\">Umweltschule<\/h2>\n\n\n\n<p>Das NKG wurde erneut zur Umweltschule ausgezeichnet. Hierf\u00fcr ein ganz herzliches Dankesch\u00f6n an alle Mitwirkenden. Wir waren flei\u00dfig im letzten Schuljahr und haben uns in verschiedenen P-Seminaren und zahlreichen Projekten mit dem Thema Nachhaltigkeit und Biodiversit\u00e4t besch\u00e4ftigt.&nbsp; Unter anderem wurde unser Schulgel\u00e4nde um 20 B\u00e4ume, zahlreiche Bl\u00fchstauden und Vogelnistk\u00e4sten und eine E-Bike Ladestation bereichert.<\/p>\n\n\n\n<p>Wer mithelfen m\u00f6chte unser Schulgel\u00e4nde noch \u00f6kologischer zu gestalten ist ab diesem Schuljahr ganz herzlich eingeladen zur Garten \u2013AG zu kommen. Treffpunkt: Mittwoch 7. Stunde Aula (Aushang am schwarzen Brett). Wir freuen uns \u00fcber Interessenten.<\/p>\n\n\n\n<div style=\"height:55px\" aria-hidden=\"true\" class=\"wp-block-spacer\"><\/div>\n\n\n\n<figure class=\"wp-block-image aligncenter size-full is-resized\"><img fetchpriority=\"high\" decoding=\"async\" width=\"1000\" height=\"998\" src=\"https:\/\/nikolaus-kopernikus-gymnasium.de\/nkgweb\/wp-content\/uploads\/Umweltschule-Logo-1.jpg\" alt=\"\" class=\"wp-image-2614\" style=\"width:500px;height:auto\" srcset=\"https:\/\/nikolaus-kopernikus-gymnasium.de\/nkgweb\/wp-content\/uploads\/Umweltschule-Logo-1.jpg 1000w, https:\/\/nikolaus-kopernikus-gymnasium.de\/nkgweb\/wp-content\/uploads\/Umweltschule-Logo-1-300x300.jpg 300w, https:\/\/nikolaus-kopernikus-gymnasium.de\/nkgweb\/wp-content\/uploads\/Umweltschule-Logo-1-150x150.jpg 150w, https:\/\/nikolaus-kopernikus-gymnasium.de\/nkgweb\/wp-content\/uploads\/Umweltschule-Logo-1-768x766.jpg 768w\" sizes=\"(max-width: 1000px) 100vw, 1000px\" \/><\/figure>\n\n\n\n<div style=\"height:164px\" aria-hidden=\"true\" class=\"wp-block-spacer\"><\/div>\n","protected":false},"excerpt":{"rendered":"<p>Umweltschule Das NKG wurde erneut zur Umweltschule ausgezeichnet. Hierf\u00fcr ein ganz herzliches Dankesch\u00f6n an alle Mitwirkenden. Wir waren flei\u00dfig im letzten Schuljahr und haben uns in verschiedenen P-Seminaren und zahlreichen Projekten mit dem Thema Nachhaltigkeit und Biodiversit\u00e4t besch\u00e4ftigt.&nbsp; Unter anderem wurde unser Schulgel\u00e4nde um 20 B\u00e4ume, zahlreiche Bl\u00fchstauden und Vogelnistk\u00e4sten und eine E-Bike Ladestation bereichert. &hellip; <\/p>\n<p class=\"link-more\"><a href=\"https:\/\/nikolaus-kopernikus-gymnasium.de\/nkgweb\/index.php\/umweltschule\/\" class=\"more-link\">Mehr <span class=\"screen-reader-text\">\u00fcber &#8222;Umweltschule&#8220; <\/span>Lesen<\/a><\/p>\n","protected":false},"author":6,"featured_media":2942,"parent":0,"menu_order":0,"comment_status":"closed","ping_status":"closed","template":"","meta":{"inspiro_hide_title":false,"footnotes":""},"class_list":["post-2613","page","type-page","status-publish","has-post-thumbnail","hentry"],"_links":{"self":[{"href":"https:\/\/nikolaus-kopernikus-gymnasium.de\/nkgweb\/index.php\/wp-json\/wp\/v2\/pages\/2613","targetHints":{"allow":["GET"]}}],"collection":[{"href":"https:\/\/nikolaus-kopernikus-gymnasium.de\/nkgweb\/index.php\/wp-json\/wp\/v2\/pages"}],"about":[{"href":"https:\/\/nikolaus-kopernikus-gymnasium.de\/nkgweb\/index.php\/wp-json\/wp\/v2\/types\/page"}],"author":[{"embeddable":true,"href":"https:\/\/nikolaus-kopernikus-gymnasium.de\/nkgweb\/index.php\/wp-json\/wp\/v2\/users\/6"}],"replies":[{"embeddable":true,"href":"https:\/\/nikolaus-kopernikus-gymnasium.de\/nkgweb\/index.php\/wp-json\/wp\/v2\/comments?post=2613"}],"version-history":[{"count":5,"href":"https:\/\/nikolaus-kopernikus-gymnasium.de\/nkgweb\/index.php\/wp-json\/wp\/v2\/pages\/2613\/revisions"}],"predecessor-version":[{"id":2969,"href":"https:\/\/nikolaus-kopernikus-gymnasium.de\/nkgweb\/index.php\/wp-json\/wp\/v2\/pages\/2613\/revisions\/2969"}],"wp:featuredmedia":[{"embeddable":true,"href":"https:\/\/nikolaus-kopernikus-gymnasium.de\/nkgweb\/index.php\/wp-json\/wp\/v2\/media\/2942"}],"wp:attachment":[{"href":"https:\/\/nikolaus-kopernikus-gymnasium.de\/nkgweb\/index.php\/wp-json\/wp\/v2\/media?parent=2613"}],"curies":[{"name":"wp","href":"https:\/\/api.w.org\/{rel}","templated":true}]}}