{"id":1409,"date":"2023-01-19T22:42:23","date_gmt":"2023-01-19T21:42:23","guid":{"rendered":"https:\/\/nikolaus-kopernikus-gymnasium.de\/nkgweb\/?page_id=1409"},"modified":"2025-11-25T13:47:29","modified_gmt":"2025-11-25T12:47:29","slug":"einfuehrungsklasse","status":"publish","type":"page","link":"https:\/\/nikolaus-kopernikus-gymnasium.de\/nkgweb\/index.php\/einfuehrungsklasse\/","title":{"rendered":"Einf\u00fchrungsklasse"},"content":{"rendered":"\t\t<div data-elementor-type=\"wp-page\" data-elementor-id=\"1409\" class=\"elementor elementor-1409\">\n\t\t\t\t\t\t<section class=\"elementor-section elementor-top-section elementor-element elementor-element-901aaa3 elementor-section-boxed elementor-section-height-default elementor-section-height-default\" data-id=\"901aaa3\" data-element_type=\"section\" data-e-type=\"section\">\n\t\t\t\t\t\t<div class=\"elementor-container elementor-column-gap-default\">\n\t\t\t\t\t<div class=\"elementor-column elementor-col-100 elementor-top-column elementor-element elementor-element-b1cd99d\" data-id=\"b1cd99d\" data-element_type=\"column\" data-e-type=\"column\">\n\t\t\t<div class=\"elementor-widget-wrap elementor-element-populated\">\n\t\t\t\t\t\t<div class=\"elementor-element elementor-element-c15119b elementor-widget elementor-widget-heading\" data-id=\"c15119b\" data-element_type=\"widget\" data-e-type=\"widget\" data-widget_type=\"heading.default\">\n\t\t\t\t<div class=\"elementor-widget-container\">\n\t\t\t\t\t<h2 class=\"elementor-heading-title elementor-size-default\">Die Einf\u00fchrungsklasse<\/h2>\t\t\t\t<\/div>\n\t\t\t\t<\/div>\n\t\t\t\t\t<\/div>\n\t\t<\/div>\n\t\t\t\t\t<\/div>\n\t\t<\/section>\n\t\t\t\t<section class=\"elementor-section elementor-top-section elementor-element elementor-element-2ec2328 elementor-section-boxed elementor-section-height-default elementor-section-height-default\" data-id=\"2ec2328\" data-element_type=\"section\" data-e-type=\"section\">\n\t\t\t\t\t\t<div class=\"elementor-container elementor-column-gap-default\">\n\t\t\t\t\t<div class=\"elementor-column elementor-col-100 elementor-top-column elementor-element elementor-element-2dfb898\" data-id=\"2dfb898\" data-element_type=\"column\" data-e-type=\"column\">\n\t\t\t<div class=\"elementor-widget-wrap elementor-element-populated\">\n\t\t\t\t\t\t<div class=\"elementor-element elementor-element-2b003c9 elementor-widget__width-initial elementor-widget elementor-widget-text-editor\" data-id=\"2b003c9\" data-element_type=\"widget\" data-e-type=\"widget\" data-widget_type=\"text-editor.default\">\n\t\t\t\t<div class=\"elementor-widget-container\">\n\t\t\t\t\t\t\t\t\t<p>Am Nikolaus-Kopernikus-Gymnasium wird &#8211; bei einer entsprechenden Zahl von Anmeldungen \u2013 im kommenden Schuljahr eine Einf\u00fchrungsklasse (nach \u00a77 Abs. 2 Satz 1 GSO) eingerichtet. In diese werden geeignete Absolventinnen und Absolventen \u00f6ffentlicher oder staatlich anerkannter Realschulen, Wirtschaftsschulen oder der Mittleren-Reife-Klassen (Jahrgangsstufe 10 der Mittelschulen) aufgenommen. Eine Unterscheidung nach Ausbildungsrichtungen gibt es nicht. Es gibt keine Probezeit; allerdings darf die Einf\u00fchrungsklasse auch nicht wiederholt werden. Der erfolgreiche Besuch der Einf\u00fchrungsklasse berechtigt zum Eintritt in die Jahrgangsstufe 12 des Gymnasiums. Gerne k\u00f6nnen Sie unsere <strong>Informationsveranstaltung<\/strong> zur Einf\u00fchrungsklasse am Donnerstag, den <strong>15. Januar 2026 <\/strong>von 18:30 bis 20:00 Uhr\u00a0im Nikolaus-Kopernikus-Gymnasium besuchen.<\/p>\n<p><!-- \/wp:paragraph --><!-- wp:paragraph --><\/p>\t\t\t\t\t\t\t\t<\/div>\n\t\t\t\t<\/div>\n\t\t\t\t\t<\/div>\n\t\t<\/div>\n\t\t\t\t\t<\/div>\n\t\t<\/section>\n\t\t\t\t<section class=\"elementor-section elementor-top-section elementor-element elementor-element-ab37282 elementor-section-boxed elementor-section-height-default elementor-section-height-default\" data-id=\"ab37282\" data-element_type=\"section\" data-e-type=\"section\" data-settings=\"{&quot;background_background&quot;:&quot;classic&quot;}\">\n\t\t\t\t\t\t<div class=\"elementor-container elementor-column-gap-default\">\n\t\t\t\t\t<div class=\"elementor-column elementor-col-100 elementor-top-column elementor-element elementor-element-c218ba4\" data-id=\"c218ba4\" data-element_type=\"column\" data-e-type=\"column\">\n\t\t\t<div class=\"elementor-widget-wrap elementor-element-populated\">\n\t\t\t\t\t\t<div class=\"elementor-element elementor-element-8f5a7f6 elementor-widget elementor-widget-text-editor\" data-id=\"8f5a7f6\" data-element_type=\"widget\" data-e-type=\"widget\" data-widget_type=\"text-editor.default\">\n\t\t\t\t<div class=\"elementor-widget-container\">\n\t\t\t\t\t\t\t\t\t<p><strong>Anmeldung<\/strong>:<\/p>\n<ul class=\"wp-block-list\">\n<li><strong>Die Voranmeldung soll sp\u00e4testens bis zum <u>03. M\u00e4rz 2026<\/u>\u00a0beim Nikolaus-Kopernikus-Gymnasium erfolgen.<\/strong><\/li>\n<li>Bei der Voranmeldung m\u00fcssen eine Geburtsurkunde und das Zwischenzeugnis der Jahrgangsstufe 10 vorgelegt werden.<\/li>\n<li>Nach Erhalt der Abschluss-Zeugnisse \u00fcber den mittleren Schulabschluss erfolgt dann bis zum<strong><u> 31. Juli 2026 <\/u><\/strong>die<strong> definitive Anmeldung <\/strong>am Nikolaus-Kopernikus-Gymnasium.<\/li>\n<li><a href=\"https:\/\/nikolaus-kopernikus-gymnasium.de\/nkgweb\/wp-content\/uploads\/Anmeldebogen-2.pdf\"><strong>Anmeldebogen<\/strong><\/a> und <strong><a href=\"https:\/\/nikolaus-kopernikus-gymnasium.de\/nkgweb\/wp-content\/uploads\/Veroeffentlichung-Einwilligung-Minderjaehrige-Schueler-2019-03-1.pdf\">Einwilligung zur Ver\u00f6ffentlichung personenbezogener Daten<\/a> <\/strong>(Download)<\/li>\n<\/ul>\t\t\t\t\t\t\t\t<\/div>\n\t\t\t\t<\/div>\n\t\t\t\t\t<\/div>\n\t\t<\/div>\n\t\t\t\t\t<\/div>\n\t\t<\/section>\n\t\t\t\t<section class=\"elementor-section elementor-top-section elementor-element elementor-element-0a9ea08 elementor-section-boxed elementor-section-height-default elementor-section-height-default\" data-id=\"0a9ea08\" data-element_type=\"section\" data-e-type=\"section\">\n\t\t\t\t\t\t<div class=\"elementor-container elementor-column-gap-default\">\n\t\t\t\t\t<div class=\"elementor-column elementor-col-100 elementor-top-column elementor-element elementor-element-8ffe2a1\" data-id=\"8ffe2a1\" data-element_type=\"column\" data-e-type=\"column\">\n\t\t\t<div class=\"elementor-widget-wrap elementor-element-populated\">\n\t\t\t\t\t\t<div class=\"elementor-element elementor-element-9d5f95e elementor-widget elementor-widget-spacer\" data-id=\"9d5f95e\" data-element_type=\"widget\" data-e-type=\"widget\" data-widget_type=\"spacer.default\">\n\t\t\t\t<div class=\"elementor-widget-container\">\n\t\t\t\t\t\t\t<div class=\"elementor-spacer\">\n\t\t\t<div class=\"elementor-spacer-inner\"><\/div>\n\t\t<\/div>\n\t\t\t\t\t\t<\/div>\n\t\t\t\t<\/div>\n\t\t\t\t\t<\/div>\n\t\t<\/div>\n\t\t\t\t\t<\/div>\n\t\t<\/section>\n\t\t\t\t<section class=\"elementor-section elementor-top-section elementor-element elementor-element-db59104 elementor-section-boxed elementor-section-height-default elementor-section-height-default\" data-id=\"db59104\" data-element_type=\"section\" data-e-type=\"section\">\n\t\t\t\t\t\t<div class=\"elementor-container elementor-column-gap-default\">\n\t\t\t\t\t<div class=\"elementor-column elementor-col-100 elementor-top-column elementor-element elementor-element-4079b5d\" data-id=\"4079b5d\" data-element_type=\"column\" data-e-type=\"column\">\n\t\t\t<div class=\"elementor-widget-wrap elementor-element-populated\">\n\t\t\t\t\t\t<div class=\"elementor-element elementor-element-7ad3ad4 elementor-widget elementor-widget-text-editor\" data-id=\"7ad3ad4\" data-element_type=\"widget\" data-e-type=\"widget\" data-widget_type=\"text-editor.default\">\n\t\t\t\t<div class=\"elementor-widget-container\">\n\t\t\t\t\t\t\t\t\t<p><strong>Ziele: Die Einf\u00fchrungsklasse soll&#8230;<\/strong><\/p>\n<p><!-- \/wp:paragraph --><\/p>\n<p><!-- wp:list --><\/p>\n<ul class=\"wp-block-list\">\n<li style=\"list-style-type: none;\">\n<ul class=\"wp-block-list\"><!-- wp:list-item --><\/ul>\n<\/li>\n<\/ul>\n<ul class=\"wp-block-list\">\n<li>in die Breite der gymnasialen F\u00e4cher einf\u00fchren, damit den Sch\u00fclern nahezu alle in der Oberstufe des Gymnasiums vorgesehenen Wahlm\u00f6glichkeiten offen stehen.<\/li>\n<li>die Sch\u00fcler in den F\u00e4chern gezielt f\u00f6rdern, in denen sie keine oder nur geringe Vorkenntnisse haben (z. B. in der 2. Fremdsprache)<\/li>\n<li>auf die verbindlichen Abiturpr\u00fcfungsf\u00e4cher (Deutsch und Mathematik schriftlich, Fremdsprache schriftlich oder m\u00fcndlich) vorbereiten.<\/li>\n<\/ul>\t\t\t\t\t\t\t\t<\/div>\n\t\t\t\t<\/div>\n\t\t\t\t\t<\/div>\n\t\t<\/div>\n\t\t\t\t\t<\/div>\n\t\t<\/section>\n\t\t\t\t<section class=\"elementor-section elementor-top-section elementor-element elementor-element-8763c8c elementor-section-boxed elementor-section-height-default elementor-section-height-default\" data-id=\"8763c8c\" data-element_type=\"section\" data-e-type=\"section\" data-settings=\"{&quot;background_background&quot;:&quot;classic&quot;}\">\n\t\t\t\t\t\t<div class=\"elementor-container elementor-column-gap-default\">\n\t\t\t\t\t<div class=\"elementor-column elementor-col-100 elementor-top-column elementor-element elementor-element-d3d2485\" data-id=\"d3d2485\" data-element_type=\"column\" data-e-type=\"column\">\n\t\t\t<div class=\"elementor-widget-wrap elementor-element-populated\">\n\t\t\t\t\t\t<div class=\"elementor-element elementor-element-6700d24 elementor-widget elementor-widget-text-editor\" data-id=\"6700d24\" data-element_type=\"widget\" data-e-type=\"widget\" data-widget_type=\"text-editor.default\">\n\t\t\t\t<div class=\"elementor-widget-container\">\n\t\t\t\t\t\t\t\t\t<p><strong>Voraussetzungen f\u00fcr die Aufnahme in die Einf\u00fchrungsklasse sind:<\/strong><\/p>\n<ul class=\"wp-block-list\">\n<li>Notendurchschnitt in Deutsch, Englisch und Mathematik von 2,00 oder besser im Abschlusszeugnis oder ein p\u00e4dagogisches Gutachten der in Jahrgangsstufe 10 besuchten Schule, in dem die Eignung f\u00fcr den Bildungsweg des Gymnasiums uneingeschr\u00e4nkt best\u00e4tigt wird.<\/li>\n<li>Die Sch\u00fclerin\/der Sch\u00fcler darf am 30.09. des Jahres, in dem die Eingangsklasse beginnt, noch nicht 18 Jahre alt sein. \u00dcber begr\u00fcndete Ausnahmen entscheidet die Schulleitung.<\/li>\n<\/ul>\t\t\t\t\t\t\t\t<\/div>\n\t\t\t\t<\/div>\n\t\t\t\t\t<\/div>\n\t\t<\/div>\n\t\t\t\t\t<\/div>\n\t\t<\/section>\n\t\t\t\t<section class=\"elementor-section elementor-top-section elementor-element elementor-element-506a7e9 elementor-section-boxed elementor-section-height-default elementor-section-height-default\" data-id=\"506a7e9\" data-element_type=\"section\" data-e-type=\"section\">\n\t\t\t\t\t\t<div class=\"elementor-container elementor-column-gap-default\">\n\t\t\t\t\t<div class=\"elementor-column elementor-col-100 elementor-top-column elementor-element elementor-element-fe6a1b4\" data-id=\"fe6a1b4\" data-element_type=\"column\" data-e-type=\"column\">\n\t\t\t<div class=\"elementor-widget-wrap elementor-element-populated\">\n\t\t\t\t\t\t<div class=\"elementor-element elementor-element-081c154 elementor-widget elementor-widget-spacer\" data-id=\"081c154\" data-element_type=\"widget\" data-e-type=\"widget\" data-widget_type=\"spacer.default\">\n\t\t\t\t<div class=\"elementor-widget-container\">\n\t\t\t\t\t\t\t<div class=\"elementor-spacer\">\n\t\t\t<div class=\"elementor-spacer-inner\"><\/div>\n\t\t<\/div>\n\t\t\t\t\t\t<\/div>\n\t\t\t\t<\/div>\n\t\t\t\t\t<\/div>\n\t\t<\/div>\n\t\t\t\t\t<\/div>\n\t\t<\/section>\n\t\t\t\t<section class=\"elementor-section elementor-top-section elementor-element elementor-element-ecdff1b elementor-section-boxed elementor-section-height-default elementor-section-height-default\" data-id=\"ecdff1b\" data-element_type=\"section\" data-e-type=\"section\">\n\t\t\t\t\t\t<div class=\"elementor-container elementor-column-gap-default\">\n\t\t\t\t\t<div class=\"elementor-column elementor-col-100 elementor-top-column elementor-element elementor-element-80425fc\" data-id=\"80425fc\" data-element_type=\"column\" data-e-type=\"column\">\n\t\t\t<div class=\"elementor-widget-wrap elementor-element-populated\">\n\t\t\t\t\t\t<div class=\"elementor-element elementor-element-9bccc08 elementor-widget elementor-widget-text-editor\" data-id=\"9bccc08\" data-element_type=\"widget\" data-e-type=\"widget\" data-widget_type=\"text-editor.default\">\n\t\t\t\t<div class=\"elementor-widget-container\">\n\t\t\t\t\t\t\t\t\t<p><strong>F\u00e4cher- und Stundentafel in Wochenstunden<\/strong> (k\u00f6nnen leicht variieren):<\/p>\n<ul class=\"wp-block-list\">\n<li>Religionslehre bzw. Ethik 1<\/li>\n<li>Deutsch\u00a0 4<\/li>\n<li>Englisch \u00a04<\/li>\n<li>Franz\u00f6sisch \u00a04 (f\u00fcr Sch\u00fclerinnen und Sch\u00fcler mit Franz\u00f6sisch an der Realschule) <strong>oder<\/strong> Spanisch 6 (f\u00fcr alle Sch\u00fclerinnen und Sch\u00fcler. Spanisch muss dann w\u00e4hrend der gesamten Oberstufe als sp\u00e4tbeginnende Fremdsprache belegt werden)<\/li>\n<li>Mathematik \u00a06<\/li>\n<li>Physik \u00a02<\/li>\n<li>Biologie \u00a0\u00a02<\/li>\n<li>Geschichte\/Politik und Gesellschaft \u00a02<\/li>\n<li>Wirtschaft und Recht \u00a02<\/li>\n<li>Kunst bzw. Musik \u00a01<\/li>\n<li>Sport 2<\/li>\n<li>Profilstunden 2<\/li>\n<li>evtl. Intensivierungsstunden (+2)<\/li>\n<\/ul>\t\t\t\t\t\t\t\t<\/div>\n\t\t\t\t<\/div>\n\t\t\t\t\t<\/div>\n\t\t<\/div>\n\t\t\t\t\t<\/div>\n\t\t<\/section>\n\t\t\t\t<section class=\"elementor-section elementor-top-section elementor-element elementor-element-0558cd6 elementor-section-boxed elementor-section-height-default elementor-section-height-default\" data-id=\"0558cd6\" data-element_type=\"section\" data-e-type=\"section\">\n\t\t\t\t\t\t<div class=\"elementor-container elementor-column-gap-default\">\n\t\t\t\t\t<div class=\"elementor-column elementor-col-100 elementor-top-column elementor-element elementor-element-1f9e578\" data-id=\"1f9e578\" data-element_type=\"column\" data-e-type=\"column\">\n\t\t\t<div class=\"elementor-widget-wrap elementor-element-populated\">\n\t\t\t\t\t\t<div class=\"elementor-element elementor-element-3cc04d1 elementor-widget__width-initial elementor-widget elementor-widget-image\" data-id=\"3cc04d1\" data-element_type=\"widget\" data-e-type=\"widget\" data-widget_type=\"image.default\">\n\t\t\t\t<div class=\"elementor-widget-container\">\n\t\t\t\t\t\t\t\t\t\t\t\t\t\t\t<img fetchpriority=\"high\" decoding=\"async\" width=\"950\" height=\"633\" src=\"https:\/\/nikolaus-kopernikus-gymnasium.de\/nkgweb\/wp-content\/uploads\/Titelbild-Begabtenfoerderung-4-1024x682.jpg\" class=\"attachment-large size-large wp-image-4557\" alt=\"\" srcset=\"https:\/\/nikolaus-kopernikus-gymnasium.de\/nkgweb\/wp-content\/uploads\/Titelbild-Begabtenfoerderung-4-1024x682.jpg 1024w, https:\/\/nikolaus-kopernikus-gymnasium.de\/nkgweb\/wp-content\/uploads\/Titelbild-Begabtenfoerderung-4-300x200.jpg 300w, https:\/\/nikolaus-kopernikus-gymnasium.de\/nkgweb\/wp-content\/uploads\/Titelbild-Begabtenfoerderung-4.jpg 1280w\" sizes=\"100vw\" \/>\t\t\t\t\t\t\t\t\t\t\t\t\t\t\t<\/div>\n\t\t\t\t<\/div>\n\t\t\t\t\t<\/div>\n\t\t<\/div>\n\t\t\t\t\t<\/div>\n\t\t<\/section>\n\t\t\t\t<section class=\"elementor-section elementor-top-section elementor-element elementor-element-1216e54 elementor-section-boxed elementor-section-height-default elementor-section-height-default\" data-id=\"1216e54\" data-element_type=\"section\" data-e-type=\"section\">\n\t\t\t\t\t\t<div class=\"elementor-container elementor-column-gap-default\">\n\t\t\t\t\t<div class=\"elementor-column elementor-col-100 elementor-top-column elementor-element elementor-element-6edb11b\" data-id=\"6edb11b\" data-element_type=\"column\" data-e-type=\"column\">\n\t\t\t<div class=\"elementor-widget-wrap elementor-element-populated\">\n\t\t\t\t\t\t<div class=\"elementor-element elementor-element-a40f918 elementor-widget elementor-widget-spacer\" data-id=\"a40f918\" data-element_type=\"widget\" data-e-type=\"widget\" data-widget_type=\"spacer.default\">\n\t\t\t\t<div class=\"elementor-widget-container\">\n\t\t\t\t\t\t\t<div class=\"elementor-spacer\">\n\t\t\t<div class=\"elementor-spacer-inner\"><\/div>\n\t\t<\/div>\n\t\t\t\t\t\t<\/div>\n\t\t\t\t<\/div>\n\t\t\t\t\t<\/div>\n\t\t<\/div>\n\t\t\t\t\t<\/div>\n\t\t<\/section>\n\t\t\t\t<\/div>\n\t\t","protected":false},"excerpt":{"rendered":"<p>Die Einf\u00fchrungsklasse Am Nikolaus-Kopernikus-Gymnasium wird &#8211; bei einer entsprechenden Zahl von Anmeldungen \u2013 im kommenden Schuljahr eine Einf\u00fchrungsklasse (nach \u00a77 Abs. 2 Satz 1 GSO) eingerichtet. In diese werden geeignete Absolventinnen und Absolventen \u00f6ffentlicher oder staatlich anerkannter Realschulen, Wirtschaftsschulen oder der Mittleren-Reife-Klassen (Jahrgangsstufe 10 der Mittelschulen) aufgenommen. Eine Unterscheidung nach Ausbildungsrichtungen gibt es nicht. Es &hellip; <\/p>\n<p class=\"link-more\"><a href=\"https:\/\/nikolaus-kopernikus-gymnasium.de\/nkgweb\/index.php\/einfuehrungsklasse\/\" class=\"more-link\">Mehr <span class=\"screen-reader-text\">\u00fcber &#8222;Einf\u00fchrungsklasse&#8220; <\/span>Lesen<\/a><\/p>\n","protected":false},"author":2,"featured_media":2162,"parent":0,"menu_order":0,"comment_status":"closed","ping_status":"closed","template":"","meta":{"inspiro_hide_title":false,"footnotes":""},"class_list":["post-1409","page","type-page","status-publish","has-post-thumbnail","hentry"],"_links":{"self":[{"href":"https:\/\/nikolaus-kopernikus-gymnasium.de\/nkgweb\/index.php\/wp-json\/wp\/v2\/pages\/1409","targetHints":{"allow":["GET"]}}],"collection":[{"href":"https:\/\/nikolaus-kopernikus-gymnasium.de\/nkgweb\/index.php\/wp-json\/wp\/v2\/pages"}],"about":[{"href":"https:\/\/nikolaus-kopernikus-gymnasium.de\/nkgweb\/index.php\/wp-json\/wp\/v2\/types\/page"}],"author":[{"embeddable":true,"href":"https:\/\/nikolaus-kopernikus-gymnasium.de\/nkgweb\/index.php\/wp-json\/wp\/v2\/users\/2"}],"replies":[{"embeddable":true,"href":"https:\/\/nikolaus-kopernikus-gymnasium.de\/nkgweb\/index.php\/wp-json\/wp\/v2\/comments?post=1409"}],"version-history":[{"count":64,"href":"https:\/\/nikolaus-kopernikus-gymnasium.de\/nkgweb\/index.php\/wp-json\/wp\/v2\/pages\/1409\/revisions"}],"predecessor-version":[{"id":7029,"href":"https:\/\/nikolaus-kopernikus-gymnasium.de\/nkgweb\/index.php\/wp-json\/wp\/v2\/pages\/1409\/revisions\/7029"}],"wp:featuredmedia":[{"embeddable":true,"href":"https:\/\/nikolaus-kopernikus-gymnasium.de\/nkgweb\/index.php\/wp-json\/wp\/v2\/media\/2162"}],"wp:attachment":[{"href":"https:\/\/nikolaus-kopernikus-gymnasium.de\/nkgweb\/index.php\/wp-json\/wp\/v2\/media?parent=1409"}],"curies":[{"name":"wp","href":"https:\/\/api.w.org\/{rel}","templated":true}]}}