{"id":1119,"date":"2022-09-20T12:02:38","date_gmt":"2022-09-20T11:02:38","guid":{"rendered":"https:\/\/nikolaus-kopernikus-gymnasium.de\/nkgweb\/?page_id=1119"},"modified":"2024-12-15T09:53:11","modified_gmt":"2024-12-15T08:53:11","slug":"munyu-solidaritaet-meets-nkg","status":"publish","type":"page","link":"https:\/\/nikolaus-kopernikus-gymnasium.de\/nkgweb\/index.php\/munyu-solidaritaet-meets-nkg\/","title":{"rendered":"Munyu &#8211; Solidarit\u00e4t meets NKG"},"content":{"rendered":"\n<h2 class=\"wp-block-heading\">Munyu &#8211; Solidarit\u00e4t meets NKG<\/h2>\n\n\n\n<p>Die Ereignisse auf der Welt sind eine lautstarke Anfrage, wie wir uns als Menschen sehen. Die Sch\u00fclerinnen und Sch\u00fcler am NKG haben darauf eine klare Antwort: Wir sind Mitmenschen \u2013 wir f\u00fchlen mit Menschen, denen es nicht so gut geht wie uns. Aber mit ein bisschen Stolz k\u00f6nnen wir auch sagen, dass wir nicht bei Mitgef\u00fchl stehen geblieben, sondern aktiv geworden sind:<\/p>\n\n\n\n<div class=\"wp-block-media-text alignwide is-stacked-on-mobile\"><figure class=\"wp-block-media-text__media\"><img fetchpriority=\"high\" decoding=\"async\" width=\"605\" height=\"453\" src=\"https:\/\/nikolaus-kopernikus-gymnasium.de\/nkgweb\/wp-content\/uploads\/munyu1.png\" alt=\"\" class=\"wp-image-1120 size-full\" srcset=\"https:\/\/nikolaus-kopernikus-gymnasium.de\/nkgweb\/wp-content\/uploads\/munyu1.png 605w, https:\/\/nikolaus-kopernikus-gymnasium.de\/nkgweb\/wp-content\/uploads\/munyu1-300x225.png 300w\" sizes=\"(max-width: 605px) 100vw, 605px\" \/><\/figure><div class=\"wp-block-media-text__content\">\n<p>Seit vielen Jahren engagieren sich Lehrkr\u00e4fte der Fachschaften Ethik, evangelische und katholische Religionslehre und organisieren unterschiedlichste Aktionen, um Kinder in Afrika zu unterst\u00fctzen. Im Wesentlichen unterst\u00fctzen wir damit das Feeding Programme des Vereins Munyu e.V. hier in Wei\u00dfenhorn. Wir haben uns f\u00fcr dieses Projekt entschieden, weil wir den ehrenamtlichen Einsatz des Vereins toll finden und so auch wissen, dass jeder Cent wirklich dort ankommt, wo er gebraucht wird. <\/p>\n<\/div><\/div>\n\n\n\n<p>Das Projekt Munyu startete unter dem Motto \u201eEin Euro f\u00fcr eine Welt\u201c mit der \u00dcberlegung, dass, wenn nur jeder zweite Sch\u00fcler am NKG jeden Monat einen Euro spenden kann, wir doch jeden Monat einige hundert Euro nach Afrika schicken k\u00f6nnen und Kindern dort damit erm\u00f6glichen, dass sie in die Schule gehen k\u00f6nnen.<\/p>\n\n\n\n<p>Ein Highlight war nat\u00fcrlich, als die Schulleiter aus Afrika im Herbst 2019 bei uns an der Schule waren, um sich f\u00fcr unsere Unterst\u00fctzung zu bedanken.<\/p>\n\n\n\n<div class=\"wp-block-columns is-layout-flex wp-container-core-columns-is-layout-28f84493 wp-block-columns-is-layout-flex\">\n<div class=\"wp-block-column is-layout-flow wp-block-column-is-layout-flow\" style=\"flex-basis:66.66%\">\n<p><strong><u>\u201ePfand f\u00fcr Munyu\u201c &#8211; Spendenaktion 2.0<\/u><\/strong><\/p>\n\n\n\n<p>Denn 4 <img decoding=\"async\" width=\"10\" height=\"18\" src=\"\">&nbsp;25 Cent Pfand ergeben auch <strong>\u201eEinen Euro F\u00fcr Eine Welt\u201c<\/strong>!<\/p>\n\n\n\n<p>Schon seit Jahren retten wir Pfandflaschen vor der M\u00fclltonne. In der <strong>Aula<\/strong> und in der <strong>Mensa<\/strong> stehen deshalb zwei gekennzeichnete <strong>Pfandtonnen<\/strong>. Dort kann <strong>JEDER<\/strong> freiwillig seine Pfandflaschen\/Dosen entsorgen und somit einem wirklich guten Projekt zukommen lassen!<\/p>\n<\/div>\n\n\n\n<div class=\"wp-block-column is-layout-flow wp-block-column-is-layout-flow\" style=\"flex-basis:33.33%\">\n<figure class=\"wp-block-image size-full\"><img decoding=\"async\" width=\"605\" height=\"453\" src=\"https:\/\/nikolaus-kopernikus-gymnasium.de\/nkgweb\/wp-content\/uploads\/munyu2.png\" alt=\"\" class=\"wp-image-1121\" srcset=\"https:\/\/nikolaus-kopernikus-gymnasium.de\/nkgweb\/wp-content\/uploads\/munyu2.png 605w, https:\/\/nikolaus-kopernikus-gymnasium.de\/nkgweb\/wp-content\/uploads\/munyu2-300x225.png 300w\" sizes=\"(max-width: 605px) 100vw, 605px\" \/><\/figure>\n<\/div>\n<\/div>\n\n\n\n<p><strong><u>Danke f\u00fcr Ihre und eure Unterst\u00fctzung!<\/u><\/strong><\/p>\n\n\n\n<p>Es ist toll zu beobachten wie das Projekt mittlerweile wie von selbst l\u00e4uft, jede Woche Kuchen gebacken und verkauft werden, Restgelder von Sammelaktionen und Abiturb\u00e4llen bei uns ankommen. Solidarit\u00e4t funktioniert halt nur, wenn wir als Gemeinschaft zusammenhelfen. Und als Religions- und Ethiklehrern ist uns nat\u00fcrlich wichtig, dass wir nicht nur Inhalte an unserer Schule lernen, sondern auch Mitgef\u00fchl und Einsatz f\u00fcr andere.<\/p>\n\n\n\n<div style=\"height:200px\" aria-hidden=\"true\" class=\"wp-block-spacer\"><\/div>\n","protected":false},"excerpt":{"rendered":"<p>Munyu &#8211; Solidarit\u00e4t meets NKG Die Ereignisse auf der Welt sind eine lautstarke Anfrage, wie wir uns als Menschen sehen. Die Sch\u00fclerinnen und Sch\u00fcler am NKG haben darauf eine klare Antwort: Wir sind Mitmenschen \u2013 wir f\u00fchlen mit Menschen, denen es nicht so gut geht wie uns. Aber mit ein bisschen Stolz k\u00f6nnen wir auch &hellip; <\/p>\n<p class=\"link-more\"><a href=\"https:\/\/nikolaus-kopernikus-gymnasium.de\/nkgweb\/index.php\/munyu-solidaritaet-meets-nkg\/\" class=\"more-link\">Mehr <span class=\"screen-reader-text\">\u00fcber &#8222;Munyu &#8211; Solidarit\u00e4t meets NKG&#8220; <\/span>Lesen<\/a><\/p>\n","protected":false},"author":1,"featured_media":5330,"parent":0,"menu_order":0,"comment_status":"closed","ping_status":"closed","template":"","meta":{"inspiro_hide_title":false,"footnotes":""},"class_list":["post-1119","page","type-page","status-publish","has-post-thumbnail","hentry"],"_links":{"self":[{"href":"https:\/\/nikolaus-kopernikus-gymnasium.de\/nkgweb\/index.php\/wp-json\/wp\/v2\/pages\/1119","targetHints":{"allow":["GET"]}}],"collection":[{"href":"https:\/\/nikolaus-kopernikus-gymnasium.de\/nkgweb\/index.php\/wp-json\/wp\/v2\/pages"}],"about":[{"href":"https:\/\/nikolaus-kopernikus-gymnasium.de\/nkgweb\/index.php\/wp-json\/wp\/v2\/types\/page"}],"author":[{"embeddable":true,"href":"https:\/\/nikolaus-kopernikus-gymnasium.de\/nkgweb\/index.php\/wp-json\/wp\/v2\/users\/1"}],"replies":[{"embeddable":true,"href":"https:\/\/nikolaus-kopernikus-gymnasium.de\/nkgweb\/index.php\/wp-json\/wp\/v2\/comments?post=1119"}],"version-history":[{"count":3,"href":"https:\/\/nikolaus-kopernikus-gymnasium.de\/nkgweb\/index.php\/wp-json\/wp\/v2\/pages\/1119\/revisions"}],"predecessor-version":[{"id":5335,"href":"https:\/\/nikolaus-kopernikus-gymnasium.de\/nkgweb\/index.php\/wp-json\/wp\/v2\/pages\/1119\/revisions\/5335"}],"wp:featuredmedia":[{"embeddable":true,"href":"https:\/\/nikolaus-kopernikus-gymnasium.de\/nkgweb\/index.php\/wp-json\/wp\/v2\/media\/5330"}],"wp:attachment":[{"href":"https:\/\/nikolaus-kopernikus-gymnasium.de\/nkgweb\/index.php\/wp-json\/wp\/v2\/media?parent=1119"}],"curies":[{"name":"wp","href":"https:\/\/api.w.org\/{rel}","templated":true}]}}